{"id":9854,"date":"2020-12-22T14:39:27","date_gmt":"2020-12-22T13:39:27","guid":{"rendered":"https:\/\/www.sankturban.de\/?page_id=9854"},"modified":"2021-12-17T16:43:26","modified_gmt":"2021-12-17T15:43:26","slug":"sternsinger-st-markus","status":"publish","type":"page","link":"https:\/\/www.sankturban.de\/?page_id=9854","title":{"rendered":"Sternsinger St. Markus"},"content":{"rendered":"<figure class=\"wp-block-embed-youtube wp-block-embed is-type-video is-provider-youtube wp-embed-aspect-16-9 wp-has-aspect-ratio\"><div class=\"lyte-wrapper\" style=\"width:640px;max-width:100%;margin:5px;\"><div class=\"lyMe\" id=\"WYL_M8fodlFWpo0\"><div id=\"lyte_M8fodlFWpo0\" data-src=\"https:\/\/www.sankturban.de\/wp-content\/plugins\/wp-youtube-lyte\/lyteCache.php?origThumbUrl=%2F%2Fi.ytimg.com%2Fvi%2FM8fodlFWpo0%2Fhqdefault.jpg\" class=\"pL\"><div class=\"tC\"><div class=\"tT\"><\/div><\/div><div class=\"play\"><\/div><div class=\"ctrl\"><div class=\"Lctrl\"><\/div><div class=\"Rctrl\"><\/div><\/div><\/div><noscript><a href=\"https:\/\/youtu.be\/M8fodlFWpo0\" rel=\"nofollow\"><img loading=\"lazy\" decoding=\"async\" src=\"https:\/\/www.sankturban.de\/wp-content\/plugins\/wp-youtube-lyte\/lyteCache.php?origThumbUrl=https%3A%2F%2Fi.ytimg.com%2Fvi%2FM8fodlFWpo0%2F0.jpg\" alt=\"YouTube-Video-Vorschaubild\" width=\"640\" height=\"340\" \/><br \/>Dieses Video auf YouTube ansehen<\/a><\/noscript><\/div><\/div><div class=\"lL\" style=\"max-width:100%;width:640px;margin:5px;\"><br\/><span class=\"lyte_disclaimer\">Bei Klick auf das Video werden Daten an Youtube \/ Google gesendet<\/span><\/div><figcaption><\/figcaption><\/figure>\n\n\n<p>Auch im Januar 2022 k\u00f6nnen die Sternsinger leider nicht von Haus zu Haus unterwegs sein.<br \/>Wir bitten Sie trotzdem herzlich um Ihre Spende f\u00fcr die gr\u00f6\u00dfte Kinderhilfsaktion weltweit.<\/p>\n\n\n\n<p>Wir freuen uns \u00fcber Ihre Spende auf das Konto der Gesamtkirchengemeinde St. Urban, die wir dann an die Sternsingeraktion weiterleiten.<\/p>\n\n\n\n<p>Bankverbindung:<br \/>Landesbank Baden-W\u00fcrttemberg, IBAN DE48 6005 0101 0008 1316 72<br \/>Verwendungszweck: &#8222;Sternsinger 2022&#8220;<\/p>\n\n\n\n<ul class=\"wp-block-list\"><li><a href=\"https:\/\/www.sankturban.de\/?p=10953\">Aktuelle Infos zur Sternsingeraktion 2022 in der Kirchengemeinde<\/a><\/li><li><a href=\"https:\/\/www.sternsinger.de\/sternsingen\/sammelergebnis-2021\/\">Spendenergebnis der Sternsingeraktion 2021<\/a><\/li><\/ul>\n\n\n\n<p>**************************************************************************************************************************<\/p>\n\n\n\n<p><\/p>\n\n\n\n<p>Jedes Jahr sind in unserer Gemeinde am 06.01. die Sternsinger unterwegs, um den Segen ins Haus zu bringen und f\u00fcr Kinder-Projekte weltweit Spenden zu sammeln.<\/p>\n\n\n\n<p>Vielen Dank!<\/p>\n","protected":false},"excerpt":{"rendered":"<p>Auch im Januar 2022 k\u00f6nnen die Sternsinger leider nicht von Haus zu Haus unterwegs sein.Wir bitten Sie trotzdem herzlich um Ihre Spende f\u00fcr die gr\u00f6\u00dfte Kinderhilfsaktion weltweit. Wir freuen uns \u00fcber Ihre Spende auf das Konto der Gesamtkirchengemeinde St. Urban, &hellip; <a href=\"https:\/\/www.sankturban.de\/?page_id=9854\">Weiterlesen <span class=\"meta-nav\">&rarr;<\/span><\/a><\/p>\n","protected":false},"author":2,"featured_media":0,"parent":230,"menu_order":0,"comment_status":"closed","ping_status":"closed","template":"","meta":{"footnotes":""},"class_list":["post-9854","page","type-page","status-publish","hentry"],"_links":{"self":[{"href":"https:\/\/www.sankturban.de\/index.php?rest_route=\/wp\/v2\/pages\/9854","targetHints":{"allow":["GET"]}}],"collection":[{"href":"https:\/\/www.sankturban.de\/index.php?rest_route=\/wp\/v2\/pages"}],"about":[{"href":"https:\/\/www.sankturban.de\/index.php?rest_route=\/wp\/v2\/types\/page"}],"author":[{"embeddable":true,"href":"https:\/\/www.sankturban.de\/index.php?rest_route=\/wp\/v2\/users\/2"}],"replies":[{"embeddable":true,"href":"https:\/\/www.sankturban.de\/index.php?rest_route=%2Fwp%2Fv2%2Fcomments&post=9854"}],"version-history":[{"count":6,"href":"https:\/\/www.sankturban.de\/index.php?rest_route=\/wp\/v2\/pages\/9854\/revisions"}],"predecessor-version":[{"id":10971,"href":"https:\/\/www.sankturban.de\/index.php?rest_route=\/wp\/v2\/pages\/9854\/revisions\/10971"}],"up":[{"embeddable":true,"href":"https:\/\/www.sankturban.de\/index.php?rest_route=\/wp\/v2\/pages\/230"}],"wp:attachment":[{"href":"https:\/\/www.sankturban.de\/index.php?rest_route=%2Fwp%2Fv2%2Fmedia&parent=9854"}],"curies":[{"name":"wp","href":"https:\/\/api.w.org\/{rel}","templated":true}]}}