{"id":875,"date":"2012-01-24T23:02:55","date_gmt":"2012-01-24T22:02:55","guid":{"rendered":"http:\/\/www.sankturban.de\/?page_id=875"},"modified":"2012-01-24T23:11:05","modified_gmt":"2012-01-24T22:11:05","slug":"pfadfinder","status":"publish","type":"page","link":"https:\/\/www.sankturban.de\/?page_id=875","title":{"rendered":"Pfadfinder"},"content":{"rendered":"<p><a href=\"https:\/\/www.sankturban.de\/wp-content\/uploads\/2012\/01\/oth_pfadfinder.jpg\"><img loading=\"lazy\" decoding=\"async\" class=\"alignleft size-medium wp-image-877\" title=\"oth_pfadfinder\" src=\"https:\/\/www.sankturban.de\/wp-content\/uploads\/2012\/01\/oth_pfadfinder-300x197.jpg\" alt=\"\" width=\"300\" height=\"197\" srcset=\"https:\/\/www.sankturban.de\/wp-content\/uploads\/2012\/01\/oth_pfadfinder-300x197.jpg 300w, https:\/\/www.sankturban.de\/wp-content\/uploads\/2012\/01\/oth_pfadfinder-1024x674.jpg 1024w, https:\/\/www.sankturban.de\/wp-content\/uploads\/2012\/01\/oth_pfadfinder.jpg 2048w\" sizes=\"auto, (max-width: 300px) 100vw, 300px\" \/><\/a>Der Stamm Sankt Franziskus Obert\u00fcrkheim-Uhlbach wurde im Jahre 1983 gegr\u00fcndet. In den verschiedenen Altersstufen &#8211; W\u00f6lflinge (7-10 Jahre), Jungpfadfinder (11-14 Jahre), Pfadfinder (14-17 Jahre), Rover (17-20 Jahre), sowie Altrover (ab 20 Jahre) &#8211; m\u00f6chten wir Kindern und Jugendlichen die M\u00f6glichkeit geben, gemeinsam zu spielen, Abenteuer zu erleben und sich in der Gruppe weiter zu entwickeln.<\/p>\n<p>Wir treffen uns nicht nur in den w\u00f6chentlichen Gruppenstunden, sondern auch zu Stammesaktionen: unserem j\u00e4hrlichen Zeltlager, unserem Stammestag mit Spiel und Spa\u00df f\u00fcr Kinder, Jugendliche und Leiter, verschiedenen Aufr\u00e4umaktionen (z.B. &#8222;Lets Putz&#8220; oder Pflege unseres Biotops) oder der Waldweihnacht.<\/p>\n<p>Wer gerne mal bei uns vorbeischauen m\u00f6chte, ist herzlich eingeladen, an einer Gruppenstunde teilzunehmen oder sich auf unserer neuen Homepage zu informieren:<\/p>\n<p><a href=\"http:\/\/www.dpsg-obertuerkheim.de\">www.dpsg-obertuerkheim.de<\/a>.<\/p>\n","protected":false},"excerpt":{"rendered":"<p>Der Stamm Sankt Franziskus Obert\u00fcrkheim-Uhlbach wurde im Jahre 1983 gegr\u00fcndet. In den verschiedenen Altersstufen &#8211; W\u00f6lflinge (7-10 Jahre), Jungpfadfinder (11-14 Jahre), Pfadfinder (14-17 Jahre), Rover (17-20 Jahre), sowie Altrover (ab 20 Jahre) &#8211; m\u00f6chten wir Kindern und Jugendlichen die M\u00f6glichkeit &hellip; <a href=\"https:\/\/www.sankturban.de\/?page_id=875\">Weiterlesen <span class=\"meta-nav\">&rarr;<\/span><\/a><\/p>\n","protected":false},"author":1,"featured_media":0,"parent":326,"menu_order":0,"comment_status":"closed","ping_status":"closed","template":"","meta":{"footnotes":""},"class_list":["post-875","page","type-page","status-publish","hentry"],"_links":{"self":[{"href":"https:\/\/www.sankturban.de\/index.php?rest_route=\/wp\/v2\/pages\/875","targetHints":{"allow":["GET"]}}],"collection":[{"href":"https:\/\/www.sankturban.de\/index.php?rest_route=\/wp\/v2\/pages"}],"about":[{"href":"https:\/\/www.sankturban.de\/index.php?rest_route=\/wp\/v2\/types\/page"}],"author":[{"embeddable":true,"href":"https:\/\/www.sankturban.de\/index.php?rest_route=\/wp\/v2\/users\/1"}],"replies":[{"embeddable":true,"href":"https:\/\/www.sankturban.de\/index.php?rest_route=%2Fwp%2Fv2%2Fcomments&post=875"}],"version-history":[{"count":5,"href":"https:\/\/www.sankturban.de\/index.php?rest_route=\/wp\/v2\/pages\/875\/revisions"}],"predecessor-version":[{"id":896,"href":"https:\/\/www.sankturban.de\/index.php?rest_route=\/wp\/v2\/pages\/875\/revisions\/896"}],"up":[{"embeddable":true,"href":"https:\/\/www.sankturban.de\/index.php?rest_route=\/wp\/v2\/pages\/326"}],"wp:attachment":[{"href":"https:\/\/www.sankturban.de\/index.php?rest_route=%2Fwp%2Fv2%2Fmedia&parent=875"}],"curies":[{"name":"wp","href":"https:\/\/api.w.org\/{rel}","templated":true}]}}