{"id":859,"date":"2012-01-24T22:54:57","date_gmt":"2012-01-24T21:54:57","guid":{"rendered":"http:\/\/www.sankturban.de\/?page_id=859"},"modified":"2023-01-14T18:36:14","modified_gmt":"2023-01-14T17:36:14","slug":"familienkreis","status":"publish","type":"page","link":"https:\/\/www.sankturban.de\/?page_id=859","title":{"rendered":"Familienkreis"},"content":{"rendered":"<p><a href=\"https:\/\/www.sankturban.de\/wp-content\/uploads\/2012\/01\/oth_familienkreis.jpg\"><img loading=\"lazy\" decoding=\"async\" class=\"alignleft size-medium wp-image-861\" title=\"oth_familienkreis\" src=\"https:\/\/www.sankturban.de\/wp-content\/uploads\/2012\/01\/oth_familienkreis-300x225.jpg\" alt=\"\" width=\"300\" height=\"225\" srcset=\"https:\/\/www.sankturban.de\/wp-content\/uploads\/2012\/01\/oth_familienkreis-300x225.jpg 300w, https:\/\/www.sankturban.de\/wp-content\/uploads\/2012\/01\/oth_familienkreis.jpg 1024w\" sizes=\"auto, (max-width: 300px) 100vw, 300px\" \/><\/a><br \/>\nIm Januar 2002 haben sich zum ersten Mal mehrere Familien unserer Gemeinde\u00a0 getroffen, um einen offenen Familienkreis zu gr\u00fcnden. Inzwischen hat sich ein zweiter Familienkreis mit j\u00fcngeren Kindern gegr\u00fcndet.<\/p>\n<p>Dieser trifft sich alle 1-2 Monate zu einer gemeinsamen Unternehmung: Von A wie Ausflug bis Z wie Zeit miteinander verbringen.<\/p>\n<p>Haben auch Sie Interesse&#8230;.<\/p>\n<p>\u2022\u00a0\u00a0\u00a0 andere Familien unserer Kirchengemeinde kennen zu lernen?<br \/>\n\u2022\u00a0\u00a0\u00a0 gemeinsam immer wieder kreativ zu sein?<br \/>\n\u2022\u00a0\u00a0\u00a0 einfach nur gem\u00fctlichcvzusammen zu sitzen und sich zu unterhalten?<br \/>\n\u2022\u00a0\u00a0\u00a0 sich \u00fcber Themen zu informieren, die sie mitbestimmen?<br \/>\n\u2022\u00a0\u00a0\u00a0 an noch mehr ?<\/p>\n<p>Dann w\u00e4re vielleicht unser Familienkreis etwas f\u00fcr Sie:<br \/>\nSchauen Sie doch einfach mal vorbei und genie\u00dfen Sie es, wenn<br \/>\ndas Leben tobt.<\/p>\n<p>Treffpunkte und Termine k\u00f6nnen gerne im <a title=\"Pfarramt St. Franziskus\" href=\"https:\/\/www.sankturban.de\/?page_id=672\">Pfarrb\u00fcro<\/a> erfragt werden.<\/p>\n","protected":false},"excerpt":{"rendered":"<p>Im Januar 2002 haben sich zum ersten Mal mehrere Familien unserer Gemeinde\u00a0 getroffen, um einen offenen Familienkreis zu gr\u00fcnden. Inzwischen hat sich ein zweiter Familienkreis mit j\u00fcngeren Kindern gegr\u00fcndet. Dieser trifft sich alle 1-2 Monate zu einer gemeinsamen Unternehmung: Von &hellip; <a href=\"https:\/\/www.sankturban.de\/?page_id=859\">Weiterlesen <span class=\"meta-nav\">&rarr;<\/span><\/a><\/p>\n","protected":false},"author":1,"featured_media":0,"parent":326,"menu_order":0,"comment_status":"closed","ping_status":"closed","template":"","meta":{"footnotes":""},"class_list":["post-859","page","type-page","status-publish","hentry"],"_links":{"self":[{"href":"https:\/\/www.sankturban.de\/index.php?rest_route=\/wp\/v2\/pages\/859","targetHints":{"allow":["GET"]}}],"collection":[{"href":"https:\/\/www.sankturban.de\/index.php?rest_route=\/wp\/v2\/pages"}],"about":[{"href":"https:\/\/www.sankturban.de\/index.php?rest_route=\/wp\/v2\/types\/page"}],"author":[{"embeddable":true,"href":"https:\/\/www.sankturban.de\/index.php?rest_route=\/wp\/v2\/users\/1"}],"replies":[{"embeddable":true,"href":"https:\/\/www.sankturban.de\/index.php?rest_route=%2Fwp%2Fv2%2Fcomments&post=859"}],"version-history":[{"count":10,"href":"https:\/\/www.sankturban.de\/index.php?rest_route=\/wp\/v2\/pages\/859\/revisions"}],"predecessor-version":[{"id":12527,"href":"https:\/\/www.sankturban.de\/index.php?rest_route=\/wp\/v2\/pages\/859\/revisions\/12527"}],"up":[{"embeddable":true,"href":"https:\/\/www.sankturban.de\/index.php?rest_route=\/wp\/v2\/pages\/326"}],"wp:attachment":[{"href":"https:\/\/www.sankturban.de\/index.php?rest_route=%2Fwp%2Fv2%2Fmedia&parent=859"}],"curies":[{"name":"wp","href":"https:\/\/api.w.org\/{rel}","templated":true}]}}