{"id":854,"date":"2012-01-24T22:48:16","date_gmt":"2012-01-24T21:48:16","guid":{"rendered":"http:\/\/www.sankturban.de\/?page_id=854"},"modified":"2013-10-29T06:33:59","modified_gmt":"2013-10-29T05:33:59","slug":"arbeitskreis-okumene","status":"publish","type":"page","link":"https:\/\/www.sankturban.de\/?page_id=854","title":{"rendered":"Arbeitskreis \u00d6kumene"},"content":{"rendered":"<p><a href=\"https:\/\/www.sankturban.de\/wp-content\/uploads\/2012\/01\/oth_\u00f6kumene.jpg\"><img loading=\"lazy\" decoding=\"async\" class=\"alignleft size-medium wp-image-855\" title=\"oth_\u00f6kumene\" src=\"https:\/\/www.sankturban.de\/wp-content\/uploads\/2012\/01\/oth_\u00f6kumene-300x125.jpg\" alt=\"\" width=\"300\" height=\"125\" srcset=\"https:\/\/www.sankturban.de\/wp-content\/uploads\/2012\/01\/oth_\u00f6kumene-300x125.jpg 300w, https:\/\/www.sankturban.de\/wp-content\/uploads\/2012\/01\/oth_\u00f6kumene-1024x429.jpg 1024w, https:\/\/www.sankturban.de\/wp-content\/uploads\/2012\/01\/oth_\u00f6kumene.jpg 1044w\" sizes=\"auto, (max-width: 300px) 100vw, 300px\" \/><\/a>H\u00fcrden \u00fcberwinden! Der Arbeitskreis f\u00f6rdert das Zusammenwirken der christlichen Kirchen, in dem er geeignete Veranstaltungen auf Gemeindeebene und in Absprache mit den Gemeindeleitungen anregt, plant und durchf\u00fchrt. Auf der Grundlage gegenseitiger Achtung und Vertrauens werden unterschiedliche Positionen vermittelt und auf ihre Konsensf\u00e4higkeit \u00fcberpr\u00fcft.<\/p>\n<p>Gemeinsamkeiten werden von den Gemeindemitgliedern im praktischen Miteinander bewusster erfahren und nach au\u00dfen hin deutlich gemacht.<\/p>\n<p>Der Arbeitskreis ist eine \u00fcbergemeindliche Einrichtung und gibt Impulse die \u00d6kumene in eigener Verantwortung zu f\u00f6rdern.<\/p>\n<p>Treffen sind\u00a0 in der Regel 4x pro Jahr abwechselnd in einer Gemeinde<br \/>\nFolgende Gemeinden sind vertreten:<br \/>\nAndreasgemeinde Obert\u00fcrkheim (evangelisch) <a href=\"http:\/\/www.obert\u00fcrkheim-evangelisch.de\" target=\"_blank\">www.obert\u00fcrkheim-evangelisch.de<\/a><br \/>\nAndreasgemeinde Uhlbach (evangelisch)<br \/>\nFranziskusgemeinde Obert\u00fcrkheim\/Uhlbach (katholisch) <a href=\"https:\/\/www.sankturban.de\" target=\"_blank\">www.sankturban.de<\/a><\/p>\n<p>N\u00e4here Infos \u00fcber die Pfarrb\u00fcros oder im Internet<\/p>\n","protected":false},"excerpt":{"rendered":"<p>H\u00fcrden \u00fcberwinden! Der Arbeitskreis f\u00f6rdert das Zusammenwirken der christlichen Kirchen, in dem er geeignete Veranstaltungen auf Gemeindeebene und in Absprache mit den Gemeindeleitungen anregt, plant und durchf\u00fchrt. Auf der Grundlage gegenseitiger Achtung und Vertrauens werden unterschiedliche Positionen vermittelt und auf &hellip; <a href=\"https:\/\/www.sankturban.de\/?page_id=854\">Weiterlesen <span class=\"meta-nav\">&rarr;<\/span><\/a><\/p>\n","protected":false},"author":1,"featured_media":0,"parent":326,"menu_order":0,"comment_status":"closed","ping_status":"closed","template":"","meta":{"footnotes":""},"class_list":["post-854","page","type-page","status-publish","hentry"],"_links":{"self":[{"href":"https:\/\/www.sankturban.de\/index.php?rest_route=\/wp\/v2\/pages\/854","targetHints":{"allow":["GET"]}}],"collection":[{"href":"https:\/\/www.sankturban.de\/index.php?rest_route=\/wp\/v2\/pages"}],"about":[{"href":"https:\/\/www.sankturban.de\/index.php?rest_route=\/wp\/v2\/types\/page"}],"author":[{"embeddable":true,"href":"https:\/\/www.sankturban.de\/index.php?rest_route=\/wp\/v2\/users\/1"}],"replies":[{"embeddable":true,"href":"https:\/\/www.sankturban.de\/index.php?rest_route=%2Fwp%2Fv2%2Fcomments&post=854"}],"version-history":[{"count":6,"href":"https:\/\/www.sankturban.de\/index.php?rest_route=\/wp\/v2\/pages\/854\/revisions"}],"predecessor-version":[{"id":1818,"href":"https:\/\/www.sankturban.de\/index.php?rest_route=\/wp\/v2\/pages\/854\/revisions\/1818"}],"up":[{"embeddable":true,"href":"https:\/\/www.sankturban.de\/index.php?rest_route=\/wp\/v2\/pages\/326"}],"wp:attachment":[{"href":"https:\/\/www.sankturban.de\/index.php?rest_route=%2Fwp%2Fv2%2Fmedia&parent=854"}],"curies":[{"name":"wp","href":"https:\/\/api.w.org\/{rel}","templated":true}]}}