{"id":846,"date":"2012-01-24T06:38:10","date_gmt":"2012-01-24T05:38:10","guid":{"rendered":"http:\/\/www.sankturban.de\/?page_id=846"},"modified":"2023-04-03T12:51:54","modified_gmt":"2023-04-03T11:51:54","slug":"kindergarten-der-gemeinde","status":"publish","type":"page","link":"https:\/\/www.sankturban.de\/?page_id=846","title":{"rendered":"Kinderg\u00e4rten der Gemeinde"},"content":{"rendered":"\n<p><strong>Kindergarten<\/strong><br \/>Aprikosenstra\u00dfe 11<br \/>70329 Stuttgart<\/p>\n\n\n\n<p><strong>Kindertagesst\u00e4tte &#8222;Franz von Assisi<\/strong>&#8222;<br \/>Aprikosenstra\u00dfe 24<br \/>70329 Stuttgart<\/p>\n\n\n\n<p>Telefon: 0711 \/ 342 711 12<br \/>Telefax: 0711 \/ 342 711 15<br \/>eMail:\u00a0<a href=\"mailto:LeitungStFranziskus.Obertuerkheim@kiga.drs.de\">LeitungStFranziskus.Obertuerkheim@kiga.drs.de<\/a><\/p>\n","protected":false},"excerpt":{"rendered":"<p>KindergartenAprikosenstra\u00dfe 1170329 Stuttgart Kindertagesst\u00e4tte &#8222;Franz von Assisi&#8222;Aprikosenstra\u00dfe 2470329 Stuttgart Telefon: 0711 \/ 342 711 12Telefax: 0711 \/ 342 711 15eMail:\u00a0LeitungStFranziskus.Obertuerkheim@kiga.drs.de<\/p>\n","protected":false},"author":2,"featured_media":0,"parent":8,"menu_order":2,"comment_status":"closed","ping_status":"closed","template":"","meta":{"footnotes":""},"class_list":["post-846","page","type-page","status-publish","hentry"],"_links":{"self":[{"href":"https:\/\/www.sankturban.de\/index.php?rest_route=\/wp\/v2\/pages\/846","targetHints":{"allow":["GET"]}}],"collection":[{"href":"https:\/\/www.sankturban.de\/index.php?rest_route=\/wp\/v2\/pages"}],"about":[{"href":"https:\/\/www.sankturban.de\/index.php?rest_route=\/wp\/v2\/types\/page"}],"author":[{"embeddable":true,"href":"https:\/\/www.sankturban.de\/index.php?rest_route=\/wp\/v2\/users\/2"}],"replies":[{"embeddable":true,"href":"https:\/\/www.sankturban.de\/index.php?rest_route=%2Fwp%2Fv2%2Fcomments&post=846"}],"version-history":[{"count":10,"href":"https:\/\/www.sankturban.de\/index.php?rest_route=\/wp\/v2\/pages\/846\/revisions"}],"predecessor-version":[{"id":12760,"href":"https:\/\/www.sankturban.de\/index.php?rest_route=\/wp\/v2\/pages\/846\/revisions\/12760"}],"up":[{"embeddable":true,"href":"https:\/\/www.sankturban.de\/index.php?rest_route=\/wp\/v2\/pages\/8"}],"wp:attachment":[{"href":"https:\/\/www.sankturban.de\/index.php?rest_route=%2Fwp%2Fv2%2Fmedia&parent=846"}],"curies":[{"name":"wp","href":"https:\/\/api.w.org\/{rel}","templated":true}]}}