{"id":7589,"date":"2018-10-24T11:02:20","date_gmt":"2018-10-24T10:02:20","guid":{"rendered":"https:\/\/www.sankturban.de\/?page_id=7589"},"modified":"2026-04-14T14:24:05","modified_gmt":"2026-04-14T13:24:05","slug":"kinder-und-jugendschutz","status":"publish","type":"page","link":"https:\/\/www.sankturban.de\/?page_id=7589","title":{"rendered":"Kinder- und Jugendschutz"},"content":{"rendered":"<div class=\"wp-block-image\">\n<figure class=\"alignleft\"><img loading=\"lazy\" decoding=\"async\" width=\"800\" height=\"384\" src=\"https:\/\/www.sankturban.de\/wp-content\/uploads\/2018\/10\/csm_Logo_Praev_2_c37fa38212.jpg\" alt=\"\" class=\"wp-image-7586\" srcset=\"https:\/\/www.sankturban.de\/wp-content\/uploads\/2018\/10\/csm_Logo_Praev_2_c37fa38212.jpg 800w, https:\/\/www.sankturban.de\/wp-content\/uploads\/2018\/10\/csm_Logo_Praev_2_c37fa38212-300x144.jpg 300w, https:\/\/www.sankturban.de\/wp-content\/uploads\/2018\/10\/csm_Logo_Praev_2_c37fa38212-768x369.jpg 768w\" sizes=\"auto, (max-width: 800px) 100vw, 800px\" \/><\/figure>\n<\/div>\n\n\n<div>\n<ul>\n<li><\/li>\n<\/ul>\n<p>Entsprechend der Ordnung zur Pr\u00e4vention von sexuellem Missbrauch an Minderj\u00e4hrigen und erwachsenen Schutzbefohlenen in der Di\u00f6zese Rottenburg-Stuttgart (Kirchliches Amtsblatt Rottenburg-Stuttgart 2015, Nr. 15, 10.11.2015), die bestimmt, dass jeder Rechtstr\u00e4ger im Hinblick auf seine Arbeitsbereiche ein \u201eInstitutionelles Schutzkonzept\u201c erstellt, ist das Schutzkonzept der katholischen Gesamtkirchengemeinde St. Urban Stuttgart im Pfarramt St. Johannes Untert\u00fcrkheim einsehbar.<\/p>\n<\/div>\n\n\n\n<p>Das <strong>Pr\u00e4ventionsteam der Gesamtkirchengemeinde<\/strong> besteht aus:<\/p>\n\n\n\n<ul class=\"wp-block-list\">\n<li>Pfarrer Andreas G\u00e4lle, <a href=\"mailto:andreas.gaelle@drs.de\">andreas.gaelle@drs.de<\/a><\/li>\n\n\n\n<li>Pastoralreferent Markus Lindel, Pr\u00e4ventionabauftragter der Gesamtkirchengemeinde, <a href=\"mailto:markus.lindel@drs.de\">markus.lindel@drs.de<\/a><\/li>\n\n\n\n<li>Frau Silvia H\u00fcgler, Kita-Leitung St. Markus (f\u00fcr Kitas und Familienzentrum)<\/li>\n\n\n\n<li>Frau Natalia Natterer (f\u00fcr Ministranten und Sternsinger)<\/li>\n\n\n\n<li>Frau Steffi Schupp (f\u00fcr Seniorenarbeit)<\/li>\n<\/ul>\n\n\n\n<p>Erreichbarkeit unter: <a href=\"mailto:praevention@sankturban.de\"><strong>praevention@sankturban.de<\/strong><\/a><\/p>\n\n\n\n<p><a href=\"https:\/\/www.sankturban.de\/wp-content\/uploads\/2026\/03\/Gewaltschutzkonzept-St.-Urban-korrigierte-Fassung-12.03.26.pdf\">Gewaltschutzkonzept der Gesamtkirchengemeinde<\/a><\/p>\n\n\n\n<ul class=\"wp-block-list\">\n<li><a href=\"https:\/\/www.sankturban.de\/wp-content\/uploads\/2019\/03\/Selbstauskunftserklaerung-mit-F\u00fchrungszeugnis.pdf\">Selbstauskunftserkl\u00e4rung mit F\u00fchrungszeugnis<\/a><\/li>\n\n\n\n<li><a href=\"https:\/\/www.sankturban.de\/wp-content\/uploads\/2019\/03\/Verhaltenskodex-DRS_2016-09.pdf\">Verhaltenskodex<\/a><\/li>\n\n\n\n<li><a href=\"https:\/\/www.kath-kirche-stuttgart.de\/kirche-in-stuttgart\/praevention\">Informationen zur Pr\u00e4vention im Stadtdekanat<\/a><\/li>\n<\/ul>\n\n\n\n<!--more-->\n\n\n\n<div>&nbsp;<\/div>\n\n\n\n<div>&nbsp;<\/div>\n\n\n\n<div>Weitreichende Informationen der Stabsstelle Pr\u00e4vention, Kinder- und Jugendschutz der Di\u00f6zese Rottenburg-Stuttgart finden sich unter <a href=\"https:\/\/praevention.drs.de\/\">www. praevention.drs.de<\/a><\/div>\n\n\n\n<div>&nbsp;<\/div>\n\n\n\n<!--more-->\n\n\n\n<div>&nbsp;<\/div>\n\n\n\n<ul class=\"wp-block-list\">\n<li><a href=\"https:\/\/praevention.drs.de\/\">Stabstelle Pr\u00e4vention, Kinder- und Jugenschutz der Di\u00f6zese<\/a><\/li>\n\n\n\n<li><a href=\"https:\/\/praevention.drs.de\/helfen.html\">Hilfen f\u00fcr Betroffene, Angeh\u00f6rige und Fachkr\u00e4fte<\/a><\/li>\n\n\n\n<li><a href=\"https:\/\/praevention.drs.de\/helfen\/kontaktadressen\/kirchlich.html\">Ansprechpersonen bei sexuellem Missbrauch in der Di\u00f6zese Rottenburg-Stuttgart<\/a><\/li>\n\n\n\n<li><a href=\"https:\/\/praevention.drs.de\/helfen\/verdacht-gegen-kirchliche-mitarbeiter-innen.html\">Kommission &#8222;Sexueller Missbrauch&#8220;<\/a><\/li>\n<\/ul>\n\n\n\n<!--more-->\n","protected":false},"excerpt":{"rendered":"<p>Entsprechend der Ordnung zur Pr\u00e4vention von sexuellem Missbrauch an Minderj\u00e4hrigen und erwachsenen Schutzbefohlenen in der Di\u00f6zese Rottenburg-Stuttgart (Kirchliches Amtsblatt Rottenburg-Stuttgart 2015, Nr. 15, 10.11.2015), die bestimmt, dass jeder Rechtstr\u00e4ger im Hinblick auf seine Arbeitsbereiche ein \u201eInstitutionelles Schutzkonzept\u201c erstellt, ist das &hellip; <a href=\"https:\/\/www.sankturban.de\/?page_id=7589\">Weiterlesen <span class=\"meta-nav\">&rarr;<\/span><\/a><\/p>\n","protected":false},"author":2,"featured_media":0,"parent":3686,"menu_order":5,"comment_status":"closed","ping_status":"closed","template":"","meta":{"footnotes":""},"class_list":["post-7589","page","type-page","status-publish","hentry"],"_links":{"self":[{"href":"https:\/\/www.sankturban.de\/index.php?rest_route=\/wp\/v2\/pages\/7589","targetHints":{"allow":["GET"]}}],"collection":[{"href":"https:\/\/www.sankturban.de\/index.php?rest_route=\/wp\/v2\/pages"}],"about":[{"href":"https:\/\/www.sankturban.de\/index.php?rest_route=\/wp\/v2\/types\/page"}],"author":[{"embeddable":true,"href":"https:\/\/www.sankturban.de\/index.php?rest_route=\/wp\/v2\/users\/2"}],"replies":[{"embeddable":true,"href":"https:\/\/www.sankturban.de\/index.php?rest_route=%2Fwp%2Fv2%2Fcomments&post=7589"}],"version-history":[{"count":34,"href":"https:\/\/www.sankturban.de\/index.php?rest_route=\/wp\/v2\/pages\/7589\/revisions"}],"predecessor-version":[{"id":16035,"href":"https:\/\/www.sankturban.de\/index.php?rest_route=\/wp\/v2\/pages\/7589\/revisions\/16035"}],"up":[{"embeddable":true,"href":"https:\/\/www.sankturban.de\/index.php?rest_route=\/wp\/v2\/pages\/3686"}],"wp:attachment":[{"href":"https:\/\/www.sankturban.de\/index.php?rest_route=%2Fwp%2Fv2%2Fmedia&parent=7589"}],"curies":[{"name":"wp","href":"https:\/\/api.w.org\/{rel}","templated":true}]}}