{"id":622,"date":"2011-10-23T13:15:44","date_gmt":"2011-10-23T13:15:44","guid":{"rendered":"http:\/\/home.sankturban.de\/?page_id=622"},"modified":"2023-12-18T13:20:31","modified_gmt":"2023-12-18T12:20:31","slug":"seniorennachmittag-st-christophorus","status":"publish","type":"page","link":"https:\/\/www.sankturban.de\/?page_id=622","title":{"rendered":"Seniorennachmittag St. Christophorus"},"content":{"rendered":"<p>Der Seniorennachmittag findet zweimal im Jahr zusammen und im Wechsel mit der evangelischen Gemeinde jeweils mit Kaffee und Kuchen statt.<\/p>\n<p>Der Seniorennachmittag ist die ideale Gelegenheit f\u00fcr Senioren in Wangen, sich gegenseitig auszutauschen und in gem\u00fctlicher Runde einen netten Nachmittag zu verbringen. Der Seniorennachmittag steht allen Senioren offen, er ist \u00fcberkonfessionell. Wir freuen uns auch auf Senioren aus den Nachbargemeinden.<\/p>\n<p>Die genauen Termine entnehmen Sie bitte unserem <a title=\"Gemeindeblatt\" href=\"http:\/\/home.sankturban.de\/?page_id=20\">Gemeindeblatt &#8222;St. Urban im Fokus&#8220;<\/a>.<\/p>\n","protected":false},"excerpt":{"rendered":"<p>Der Seniorennachmittag findet zweimal im Jahr zusammen und im Wechsel mit der evangelischen Gemeinde jeweils mit Kaffee und Kuchen statt. Der Seniorennachmittag ist die ideale Gelegenheit f\u00fcr Senioren in Wangen, sich gegenseitig auszutauschen und in gem\u00fctlicher Runde einen netten Nachmittag &hellip; <a href=\"https:\/\/www.sankturban.de\/?page_id=622\">Weiterlesen <span class=\"meta-nav\">&rarr;<\/span><\/a><\/p>\n","protected":false},"author":2,"featured_media":0,"parent":328,"menu_order":0,"comment_status":"open","ping_status":"open","template":"","meta":{"footnotes":""},"class_list":["post-622","page","type-page","status-publish","hentry"],"_links":{"self":[{"href":"https:\/\/www.sankturban.de\/index.php?rest_route=\/wp\/v2\/pages\/622","targetHints":{"allow":["GET"]}}],"collection":[{"href":"https:\/\/www.sankturban.de\/index.php?rest_route=\/wp\/v2\/pages"}],"about":[{"href":"https:\/\/www.sankturban.de\/index.php?rest_route=\/wp\/v2\/types\/page"}],"author":[{"embeddable":true,"href":"https:\/\/www.sankturban.de\/index.php?rest_route=\/wp\/v2\/users\/2"}],"replies":[{"embeddable":true,"href":"https:\/\/www.sankturban.de\/index.php?rest_route=%2Fwp%2Fv2%2Fcomments&post=622"}],"version-history":[{"count":8,"href":"https:\/\/www.sankturban.de\/index.php?rest_route=\/wp\/v2\/pages\/622\/revisions"}],"predecessor-version":[{"id":13646,"href":"https:\/\/www.sankturban.de\/index.php?rest_route=\/wp\/v2\/pages\/622\/revisions\/13646"}],"up":[{"embeddable":true,"href":"https:\/\/www.sankturban.de\/index.php?rest_route=\/wp\/v2\/pages\/328"}],"wp:attachment":[{"href":"https:\/\/www.sankturban.de\/index.php?rest_route=%2Fwp%2Fv2%2Fmedia&parent=622"}],"curies":[{"name":"wp","href":"https:\/\/api.w.org\/{rel}","templated":true}]}}