{"id":6006,"date":"2017-03-08T11:30:57","date_gmt":"2017-03-08T10:30:57","guid":{"rendered":"http:\/\/www.sankturban.de\/?page_id=6006"},"modified":"2017-12-15T20:51:23","modified_gmt":"2017-12-15T19:51:23","slug":"krankensalbung","status":"publish","type":"page","link":"https:\/\/www.sankturban.de\/?page_id=6006","title":{"rendered":"Krankensalbung"},"content":{"rendered":"<div>\n<p><img loading=\"lazy\" decoding=\"async\" class=\"alignleft size-medium wp-image-6819\" src=\"https:\/\/www.sankturban.de\/wp-content\/uploads\/2017\/12\/krankensalbung_farbig_0-300x95.jpg\" alt=\"\" width=\"300\" height=\"95\" srcset=\"https:\/\/www.sankturban.de\/wp-content\/uploads\/2017\/12\/krankensalbung_farbig_0-300x95.jpg 300w, https:\/\/www.sankturban.de\/wp-content\/uploads\/2017\/12\/krankensalbung_farbig_0.jpg 650w\" sizes=\"auto, (max-width: 300px) 100vw, 300px\" \/><\/p>\n<p>&nbsp;<\/p>\n<p>&nbsp;<\/p>\n<p>&nbsp;<\/p>\n<p><strong><em>Wenn Sie (oder ein Angeh\u00f6riger von Ihnen) <\/em><\/strong><\/p>\n<ul>\n<li><strong><em>die Krankenkommunion (ggf. auch regelm\u00e4ssig)<br \/>\n<\/em><\/strong><\/li>\n<li><strong><em>die Krankensalbung<\/em> <\/strong><\/li>\n<li><strong><em>oder die Sterbesakramente<\/em><\/strong><\/li>\n<\/ul>\n<p><strong><em>empfangen wollen, wenden Sie sich bitte an Ihr Pfarramt. <\/em><\/strong><strong><em>In dringenden F\u00e4llen\u00a0 erreichen Sie einen pastoralen Mitarbeiter unter der Telefonnummer 0160 74 54 719.<\/em><\/strong><\/p>\n<p>Die Krankensalbung ist eines der sieben Sakramente in der katholischen Kirche. Der Priester legt dem Kranken die H\u00e4nde auf, salbt ihn mit \u00d6l und spricht ihm zeichenhaft das von Christus verk\u00fcndete Heil zu, vor allem die Befreiung von der S\u00fcnde. Die Krankensalbung soll St\u00e4rkung und Linderung sowie das Vertrauen auf den Beistand Christi schenken.Volkst\u00fcmlich wird die Krankensalbung immer noch als &#8222;Letzte \u00d6lung&#8220; bezeichnet, da sie lange Zeit nur Sterbenden gespendet wurde. Seit dem Zweiten Vatikanischen Konzil (1962\u20131965) wird die Krankensalbung aber als ein Sakrament f\u00fcr schwer Erkrankte verstanden. Sie kann mehrmals im Leben empfangen werden \u2013 und zwar schon vor einer schwierigen Operation oder auch schon bei ersten Anzeichen einer schweren Erkrankung.<\/p>\n<p>G\u00fcltig spenden kann das Sakrament laut kirchlichem Gesetzbuch nur ein Priester. Er salbt H\u00e4nde und Stirn des Kranken mit reinem Oliven\u00f6l, das jedes Jahr in einer eigenen Messfeier in der Karwoche vom Bischof geweiht wird. Dabei spricht er die Spendeformel: &#8222;Durch diese heilige Salbung helfe dir der Herr in seinem reichen Erbarmen, er stehe dir bei mit der Kraft des Heiligen Geistes: Der Herr, der dich von S\u00fcnden befreit, rette dich, in seiner Gnade richte er dich auf.&#8220;<\/p>\n<p><em>(Ulrich Lota, in: Pfarrbriefservice.de)<\/em><\/p>\n<p>&nbsp;<\/p>\n<\/div>\n","protected":false},"excerpt":{"rendered":"<p>&nbsp; &nbsp; &nbsp; Wenn Sie (oder ein Angeh\u00f6riger von Ihnen) die Krankenkommunion (ggf. auch regelm\u00e4ssig) die Krankensalbung oder die Sterbesakramente empfangen wollen, wenden Sie sich bitte an Ihr Pfarramt. In dringenden F\u00e4llen\u00a0 erreichen Sie einen pastoralen Mitarbeiter unter der Telefonnummer &hellip; <a href=\"https:\/\/www.sankturban.de\/?page_id=6006\">Weiterlesen <span class=\"meta-nav\">&rarr;<\/span><\/a><\/p>\n","protected":false},"author":2,"featured_media":0,"parent":3670,"menu_order":14,"comment_status":"closed","ping_status":"open","template":"","meta":{"footnotes":""},"class_list":["post-6006","page","type-page","status-publish","hentry"],"_links":{"self":[{"href":"https:\/\/www.sankturban.de\/index.php?rest_route=\/wp\/v2\/pages\/6006","targetHints":{"allow":["GET"]}}],"collection":[{"href":"https:\/\/www.sankturban.de\/index.php?rest_route=\/wp\/v2\/pages"}],"about":[{"href":"https:\/\/www.sankturban.de\/index.php?rest_route=\/wp\/v2\/types\/page"}],"author":[{"embeddable":true,"href":"https:\/\/www.sankturban.de\/index.php?rest_route=\/wp\/v2\/users\/2"}],"replies":[{"embeddable":true,"href":"https:\/\/www.sankturban.de\/index.php?rest_route=%2Fwp%2Fv2%2Fcomments&post=6006"}],"version-history":[{"count":7,"href":"https:\/\/www.sankturban.de\/index.php?rest_route=\/wp\/v2\/pages\/6006\/revisions"}],"predecessor-version":[{"id":6822,"href":"https:\/\/www.sankturban.de\/index.php?rest_route=\/wp\/v2\/pages\/6006\/revisions\/6822"}],"up":[{"embeddable":true,"href":"https:\/\/www.sankturban.de\/index.php?rest_route=\/wp\/v2\/pages\/3670"}],"wp:attachment":[{"href":"https:\/\/www.sankturban.de\/index.php?rest_route=%2Fwp%2Fv2%2Fmedia&parent=6006"}],"curies":[{"name":"wp","href":"https:\/\/api.w.org\/{rel}","templated":true}]}}