{"id":6003,"date":"2017-03-08T11:30:03","date_gmt":"2017-03-08T10:30:03","guid":{"rendered":"http:\/\/www.sankturban.de\/?page_id=6003"},"modified":"2017-12-15T21:05:10","modified_gmt":"2017-12-15T20:05:10","slug":"weihe","status":"publish","type":"page","link":"https:\/\/www.sankturban.de\/?page_id=6003","title":{"rendered":"Weihe"},"content":{"rendered":"<p>Das Sakrament der Weihe gliedert sich in drei Stufen: die Weihe zum Diakon, die Weihe zum Priester und die Weihe zum Bischof. In allen drei Weihestufen wird das Sakrament durch schweigende Handauflegung und das Weihegebet gespendet. Neben der Salbung mit Chrisam bei der Bischofs- oder Priesterweihe kommen weitere Symbole hinzu: beim Diakon das \u00dcberreichen des Evangeliars, beim Priester die \u00dcberreichung von Brot und Wein f\u00fcr die Eucharistiefeier und beim Bischof die \u00dcberreichung des Evangeliars und der Insignien. Spender des Weihesakramentes ist jeweils der Bischof. Die Bischofsweihe darf nur mit p\u00e4pstlicher Beauftragung und unter Hinzuziehung zweier mitweihender Bisch\u00f6fe gespendet werden.<\/p>\n<ul>\n<li><a href=\"http:\/\/www.katholisch.de\/glaube\/unser-glaube\/weihe\">katholisch.de: Weihe<\/a><\/li>\n<li><a href=\"http:\/\/berufe-der-kirche-drs.de\/\">Informationen zu kirchlichen Berufen<\/a><\/li>\n<li><a href=\"http:\/\/berufe-der-kirche-drs.de\/gebetsgemeinschaft-pwb-2\/\">P\u00e4pstliches Werk f\u00fcr geistliche Berufe<\/a><\/li>\n<\/ul>\n","protected":false},"excerpt":{"rendered":"<p>Das Sakrament der Weihe gliedert sich in drei Stufen: die Weihe zum Diakon, die Weihe zum Priester und die Weihe zum Bischof. In allen drei Weihestufen wird das Sakrament durch schweigende Handauflegung und das Weihegebet gespendet. Neben der Salbung mit &hellip; <a href=\"https:\/\/www.sankturban.de\/?page_id=6003\">Weiterlesen <span class=\"meta-nav\">&rarr;<\/span><\/a><\/p>\n","protected":false},"author":2,"featured_media":0,"parent":3670,"menu_order":12,"comment_status":"closed","ping_status":"open","template":"","meta":{"footnotes":""},"class_list":["post-6003","page","type-page","status-publish","hentry"],"_links":{"self":[{"href":"https:\/\/www.sankturban.de\/index.php?rest_route=\/wp\/v2\/pages\/6003","targetHints":{"allow":["GET"]}}],"collection":[{"href":"https:\/\/www.sankturban.de\/index.php?rest_route=\/wp\/v2\/pages"}],"about":[{"href":"https:\/\/www.sankturban.de\/index.php?rest_route=\/wp\/v2\/types\/page"}],"author":[{"embeddable":true,"href":"https:\/\/www.sankturban.de\/index.php?rest_route=\/wp\/v2\/users\/2"}],"replies":[{"embeddable":true,"href":"https:\/\/www.sankturban.de\/index.php?rest_route=%2Fwp%2Fv2%2Fcomments&post=6003"}],"version-history":[{"count":4,"href":"https:\/\/www.sankturban.de\/index.php?rest_route=\/wp\/v2\/pages\/6003\/revisions"}],"predecessor-version":[{"id":6826,"href":"https:\/\/www.sankturban.de\/index.php?rest_route=\/wp\/v2\/pages\/6003\/revisions\/6826"}],"up":[{"embeddable":true,"href":"https:\/\/www.sankturban.de\/index.php?rest_route=\/wp\/v2\/pages\/3670"}],"wp:attachment":[{"href":"https:\/\/www.sankturban.de\/index.php?rest_route=%2Fwp%2Fv2%2Fmedia&parent=6003"}],"curies":[{"name":"wp","href":"https:\/\/api.w.org\/{rel}","templated":true}]}}