{"id":5996,"date":"2017-03-08T11:25:42","date_gmt":"2017-03-08T10:25:42","guid":{"rendered":"http:\/\/www.sankturban.de\/?page_id=5996"},"modified":"2021-10-28T11:08:37","modified_gmt":"2021-10-28T10:08:37","slug":"eucharistie","status":"publish","type":"page","link":"https:\/\/www.sankturban.de\/?page_id=5996","title":{"rendered":"Eucharistie \/ Erstkommunion"},"content":{"rendered":"<p><img loading=\"lazy\" decoding=\"async\" class=\"alignleft size-medium wp-image-6357\" src=\"https:\/\/www.sankturban.de\/wp-content\/uploads\/2017\/06\/IMG_9126-300x199.jpg\" alt=\"\" width=\"300\" height=\"199\" srcset=\"https:\/\/www.sankturban.de\/wp-content\/uploads\/2017\/06\/IMG_9126-300x199.jpg 300w, https:\/\/www.sankturban.de\/wp-content\/uploads\/2017\/06\/IMG_9126.jpg 1024w\" sizes=\"auto, (max-width: 300px) 100vw, 300px\" \/>Als <a href=\"http:\/\/www.katholisch.de\/glaube\/unser-glaube\/die-reale-gegenwart-christi\" target=\"_self\" rel=\"noopener noreferrer\">Eucharistie<\/a> wird die von der katholischen Kirche begangene gottesdienstliche Feier zum Ged\u00e4chtnis des letzten Abendmahls Jesu Christi, seines Todes und seiner <a href=\"http:\/\/katholisch.de\/video\/1257-was-bedeutet-auferstehung\">Auferstehung<\/a> bezeichnet. Die Eucharistie ist eines der sieben Sakramente, in denen der katholische Gl\u00e4ubige die Gegenwart Christi erf\u00e4hrt. Erstmals empfangen Gl\u00e4ubige im Kindesalter bei der Erstkommunion die Eucharistie. Die Erstkommunionfeier erfolgt meist etwa im Alter von neun Jahren.<\/p>\n<p>Der traditionelle, in vielen Pfarrgemeinden noch heute \u00fcbliche Termin der festlich begangenen Erstkommunion ist der Sonntag nach Ostern, der <a href=\"http:\/\/katholisch.de\/glaube\/unser-glaube\/der-weie-sonntag\">Wei\u00dfe Sonntag<\/a>. Die Kinder werden zumeist in kleinen Gruppen auf den Empfang des Sakramentes vorbereitet. Damit soll zugleich deutlich gemacht werden, dass die Feier keine Privatangelegenheit ist, sondern ein Fest der ganzen Pfarrgemeinde. Die Erstkommunion des Kindes wird als ein wichtiger Schritt des Hineinwachsens in die Kirche verstanden. Sie z\u00e4hlt wie Taufe und Firmung zu den Initiationssakramenten, den Sakramenten der Christwerdung.<\/p>\n<p>In unserer Gesamtkirchengemeinde ist <a href=\"mailto:Markus.Lindel@drs.de\">Pastoralreferent Markus Lindel<\/a> f\u00fcr die Erstkommunionvorbereitung zust\u00e4ndig. Die Eltern der Sch\u00fclerinnen und Sch\u00fcler der 3. Klassen werden \u00fcblicherweise ein paar Wochen nach Schuljahresbeginn f\u00fcr die im darauf folgenden Jahr stattfindenden Erstkommunionsfeiern angeschrieben.<\/p>\n<p>Die aktuellen Anmeldeanschreiben f\u00fcr unsere Erstkommunionsfeiern 2022 finden Sie auch hier:<\/p>\n<ul>\n<li><a href=\"https:\/\/www.sankturban.de\/?p=10751\">Erstkommunion 2022<\/a><\/li>\n<\/ul>\n<p>Weiterf\u00fchrende Informationen zum Thema &#8222;Eucharistie&#8220; bekommen Sie auch auf folgenden Seiten:<\/p>\n<ul>\n<li><a href=\"http:\/\/www.katholisch.de\/glaube\/unser-glaube\/die-reale-gegenwart-christi\">katholisch.de: Eucharistie<\/a><\/li>\n<li><a href=\"http:\/\/www.katholisch.de\/glaube\/unser-glaube\/erstkommunion\">katholisch.de: Erstkommunion<\/a><\/li>\n<\/ul>\n\n\n<p><\/p>\n","protected":false},"excerpt":{"rendered":"<p>Als Eucharistie wird die von der katholischen Kirche begangene gottesdienstliche Feier zum Ged\u00e4chtnis des letzten Abendmahls Jesu Christi, seines Todes und seiner Auferstehung bezeichnet. Die Eucharistie ist eines der sieben Sakramente, in denen der katholische Gl\u00e4ubige die Gegenwart Christi erf\u00e4hrt. &hellip; <a href=\"https:\/\/www.sankturban.de\/?page_id=5996\">Weiterlesen <span class=\"meta-nav\">&rarr;<\/span><\/a><\/p>\n","protected":false},"author":2,"featured_media":0,"parent":3670,"menu_order":4,"comment_status":"closed","ping_status":"open","template":"","meta":{"footnotes":""},"class_list":["post-5996","page","type-page","status-publish","hentry"],"_links":{"self":[{"href":"https:\/\/www.sankturban.de\/index.php?rest_route=\/wp\/v2\/pages\/5996","targetHints":{"allow":["GET"]}}],"collection":[{"href":"https:\/\/www.sankturban.de\/index.php?rest_route=\/wp\/v2\/pages"}],"about":[{"href":"https:\/\/www.sankturban.de\/index.php?rest_route=\/wp\/v2\/types\/page"}],"author":[{"embeddable":true,"href":"https:\/\/www.sankturban.de\/index.php?rest_route=\/wp\/v2\/users\/2"}],"replies":[{"embeddable":true,"href":"https:\/\/www.sankturban.de\/index.php?rest_route=%2Fwp%2Fv2%2Fcomments&post=5996"}],"version-history":[{"count":11,"href":"https:\/\/www.sankturban.de\/index.php?rest_route=\/wp\/v2\/pages\/5996\/revisions"}],"predecessor-version":[{"id":10755,"href":"https:\/\/www.sankturban.de\/index.php?rest_route=\/wp\/v2\/pages\/5996\/revisions\/10755"}],"up":[{"embeddable":true,"href":"https:\/\/www.sankturban.de\/index.php?rest_route=\/wp\/v2\/pages\/3670"}],"wp:attachment":[{"href":"https:\/\/www.sankturban.de\/index.php?rest_route=%2Fwp%2Fv2%2Fmedia&parent=5996"}],"curies":[{"name":"wp","href":"https:\/\/api.w.org\/{rel}","templated":true}]}}