{"id":4885,"date":"2016-03-05T09:30:57","date_gmt":"2016-03-05T08:30:57","guid":{"rendered":"http:\/\/www.sankturban.de\/?page_id=4885"},"modified":"2022-03-23T17:52:30","modified_gmt":"2022-03-23T16:52:30","slug":"fluchtlingshilfe","status":"publish","type":"page","link":"https:\/\/www.sankturban.de\/?page_id=4885","title":{"rendered":"Hilfe f\u00fcr Gefl\u00fcchtete"},"content":{"rendered":"<ul>\n<li><a href=\"https:\/\/www.kath-kirche-stuttgart.de\/service\/journal\/detail\/gemeinde-bringt-spenden-zur-grenze-und-ukrainische-familien-nach-stuttgart\">Hilfe durch die ukrainisch-katholische Gemeinde in Stuttgart<\/a><\/li>\n<li><a href=\"https:\/\/www.drs.de\/dossiers\/ukrainekrieg.html#c7378\">Krieg in der Ukraine: Di\u00f6zese hilft den Menschen<\/a><\/li>\n<li><a href=\"https:\/\/www.caritas-international.de\/spenden\/hier-wird-hilfe-gebraucht?em_src=kw&amp;em_cmp=adwords\/01spenden\/caritas%20international&amp;gclid=EAIaIQobChMIvpXN3tbc9gIV5pBoCR3BnwpgEAAYASAAEgK4EvD_BwE\">Caritas International<\/a><\/li>\n<li><a href=\"https:\/\/www.donbosco.de\/Aktuelles\/Aktuelle-Nachrichten-der-Salesianer-Don-Boscos\/Ukraine-Krieg-So-koennen-Sie-helfen\">Salesianer Don Boscos in der Ukraine<\/a><\/li>\n<li><a href=\"https:\/\/www.stuttgart.de\/buergerinnen-und-buerger\/migranten\/fluechtlinge\/ukraine-hilfe\/\">Hilfe f\u00fcr Menschen aus der Ukraine<\/a><\/li>\n<\/ul>\n<p><strong>Allgemeine Informationen zur Hilfe f\u00fcr Gefl\u00fcchtete:<\/strong><\/p>\n<ul>\n<li><a href=\"https:\/\/freundeskreise-stgt-who.de\/\" target=\"_blank\" rel=\"noopener\">Freundeskreis Wangen-Hedelfingen-Obert\u00fcrkheim<\/a><\/li>\n<li><a href=\"http:\/\/www.freundeskreis-fluechtlinge-uth.de\/\" target=\"_blank\" rel=\"noopener\">Freundeskreis Untert\u00fcrkheim<\/a><\/li>\n<li><a href=\"https:\/\/www.caritas-stuttgart.de\/hilfe-beratung\/migration-integration-und-flucht\/migranten-und-fluechtlinge\" target=\"_blank\" rel=\"noopener\">Angebote der Caritas f\u00fcr Migranten und Fl\u00fcchtlinge<\/a><\/li>\n<li><a href=\"http:\/\/www.drs.de\/initiativen\/fluechtlingshilfe.html\" target=\"_blank\" rel=\"noopener\">Initativen der Di\u00f6zese Rottenburg-Stuttgart<\/a><\/li>\n<\/ul>\n<p>F\u00fcr weitere Informationen k\u00f6nnen Sie sich gerne an <a title=\"Hauptamtliche Mitarbeiter\" href=\"https:\/\/www.sankturban.de\/?page_id=3476\">Diakon Jelec<\/a> wenden.<\/p>\n","protected":false},"excerpt":{"rendered":"<p>Hilfe durch die ukrainisch-katholische Gemeinde in Stuttgart Krieg in der Ukraine: Di\u00f6zese hilft den Menschen Caritas International Salesianer Don Boscos in der Ukraine Hilfe f\u00fcr Menschen aus der Ukraine Allgemeine Informationen zur Hilfe f\u00fcr Gefl\u00fcchtete: Freundeskreis Wangen-Hedelfingen-Obert\u00fcrkheim Freundeskreis Untert\u00fcrkheim Angebote &hellip; <a href=\"https:\/\/www.sankturban.de\/?page_id=4885\">Weiterlesen <span class=\"meta-nav\">&rarr;<\/span><\/a><\/p>\n","protected":false},"author":2,"featured_media":0,"parent":3686,"menu_order":2,"comment_status":"closed","ping_status":"open","template":"","meta":{"footnotes":""},"class_list":["post-4885","page","type-page","status-publish","hentry"],"_links":{"self":[{"href":"https:\/\/www.sankturban.de\/index.php?rest_route=\/wp\/v2\/pages\/4885","targetHints":{"allow":["GET"]}}],"collection":[{"href":"https:\/\/www.sankturban.de\/index.php?rest_route=\/wp\/v2\/pages"}],"about":[{"href":"https:\/\/www.sankturban.de\/index.php?rest_route=\/wp\/v2\/types\/page"}],"author":[{"embeddable":true,"href":"https:\/\/www.sankturban.de\/index.php?rest_route=\/wp\/v2\/users\/2"}],"replies":[{"embeddable":true,"href":"https:\/\/www.sankturban.de\/index.php?rest_route=%2Fwp%2Fv2%2Fcomments&post=4885"}],"version-history":[{"count":12,"href":"https:\/\/www.sankturban.de\/index.php?rest_route=\/wp\/v2\/pages\/4885\/revisions"}],"predecessor-version":[{"id":11363,"href":"https:\/\/www.sankturban.de\/index.php?rest_route=\/wp\/v2\/pages\/4885\/revisions\/11363"}],"up":[{"embeddable":true,"href":"https:\/\/www.sankturban.de\/index.php?rest_route=\/wp\/v2\/pages\/3686"}],"wp:attachment":[{"href":"https:\/\/www.sankturban.de\/index.php?rest_route=%2Fwp%2Fv2%2Fmedia&parent=4885"}],"curies":[{"name":"wp","href":"https:\/\/api.w.org\/{rel}","templated":true}]}}