{"id":4430,"date":"2015-11-23T11:12:54","date_gmt":"2015-11-23T10:12:54","guid":{"rendered":"http:\/\/www.sankturban.de\/?page_id=4430"},"modified":"2025-11-25T16:46:15","modified_gmt":"2025-11-25T15:46:15","slug":"stellenangebote","status":"publish","type":"page","link":"https:\/\/www.sankturban.de\/?page_id=4430","title":{"rendered":"Stellenangebote"},"content":{"rendered":"\n<figure class=\"wp-block-image size-large\"><img loading=\"lazy\" decoding=\"async\" width=\"501\" height=\"1024\" src=\"https:\/\/www.sankturban.de\/wp-content\/uploads\/2025\/11\/Stellenanzeige-St-F-Stand-20251111-501x1024.jpg\" alt=\"\" class=\"wp-image-15655\" srcset=\"https:\/\/www.sankturban.de\/wp-content\/uploads\/2025\/11\/Stellenanzeige-St-F-Stand-20251111-501x1024.jpg 501w, https:\/\/www.sankturban.de\/wp-content\/uploads\/2025\/11\/Stellenanzeige-St-F-Stand-20251111-147x300.jpg 147w, https:\/\/www.sankturban.de\/wp-content\/uploads\/2025\/11\/Stellenanzeige-St-F-Stand-20251111.jpg 563w\" sizes=\"auto, (max-width: 501px) 100vw, 501px\" \/><\/figure>\n\n\n\n<p><a href=\"https:\/\/kath-kirche-stuttgart.mhm.jobs\/jobs\/594-pfarramtssekretaerin-m-w-d\/job_application\/new\">Zur Onlinebewerbung<\/a> f\u00fcr die oben ausgeschriebene Stelle.<\/p>\n\n\n<ul>\n<li><a href=\"https:\/\/www.kath-kirche-stuttgart.de\/service\/jobs\/\">Alle Stellenangebote im Stadtdekanat Stuttgart im \u00dcberblick<\/a><\/li>\n<li><a href=\"https:\/\/jobs.drs.de\/\">Stellenbangebote der Di\u00f6zese<\/a><\/li>\n<li><a href=\"https:\/\/www.kath-kirche-stuttgart.de\/service\/jobs\/kita\/\">Jobb\u00f6rse der katholischen Kitas<\/a><\/li>\n<li><a href=\"https:\/\/berufe-der-kirche-drs.de\/\">Berufe der Kirche<\/a><\/li>\n<\/ul>\n\n\n<p><\/p>\n\n\n\n<p><\/p>\n","protected":false},"excerpt":{"rendered":"<p>Zur Onlinebewerbung f\u00fcr die oben ausgeschriebene Stelle. Alle Stellenangebote im Stadtdekanat Stuttgart im \u00dcberblick Stellenbangebote der Di\u00f6zese Jobb\u00f6rse der katholischen Kitas Berufe der Kirche<\/p>\n","protected":false},"author":2,"featured_media":0,"parent":3686,"menu_order":10,"comment_status":"closed","ping_status":"open","template":"","meta":{"footnotes":""},"class_list":["post-4430","page","type-page","status-publish","hentry"],"_links":{"self":[{"href":"https:\/\/www.sankturban.de\/index.php?rest_route=\/wp\/v2\/pages\/4430","targetHints":{"allow":["GET"]}}],"collection":[{"href":"https:\/\/www.sankturban.de\/index.php?rest_route=\/wp\/v2\/pages"}],"about":[{"href":"https:\/\/www.sankturban.de\/index.php?rest_route=\/wp\/v2\/types\/page"}],"author":[{"embeddable":true,"href":"https:\/\/www.sankturban.de\/index.php?rest_route=\/wp\/v2\/users\/2"}],"replies":[{"embeddable":true,"href":"https:\/\/www.sankturban.de\/index.php?rest_route=%2Fwp%2Fv2%2Fcomments&post=4430"}],"version-history":[{"count":58,"href":"https:\/\/www.sankturban.de\/index.php?rest_route=\/wp\/v2\/pages\/4430\/revisions"}],"predecessor-version":[{"id":15658,"href":"https:\/\/www.sankturban.de\/index.php?rest_route=\/wp\/v2\/pages\/4430\/revisions\/15658"}],"up":[{"embeddable":true,"href":"https:\/\/www.sankturban.de\/index.php?rest_route=\/wp\/v2\/pages\/3686"}],"wp:attachment":[{"href":"https:\/\/www.sankturban.de\/index.php?rest_route=%2Fwp%2Fv2%2Fmedia&parent=4430"}],"curies":[{"name":"wp","href":"https:\/\/api.w.org\/{rel}","templated":true}]}}