{"id":3680,"date":"2015-03-08T21:11:04","date_gmt":"2015-03-08T20:11:04","guid":{"rendered":"http:\/\/www.sankturban.de\/?page_id=3680"},"modified":"2025-09-09T08:00:30","modified_gmt":"2025-09-09T07:00:30","slug":"taufe","status":"publish","type":"page","link":"https:\/\/www.sankturban.de\/?page_id=3680","title":{"rendered":"Taufe"},"content":{"rendered":"<figure class=\"wp-block-embed-youtube wp-block-embed is-type-video is-provider-youtube wp-embed-aspect-16-9 wp-has-aspect-ratio\"><div class=\"lyte-wrapper\" style=\"width:640px;max-width:100%;margin:5px;\"><div class=\"lyMe\" id=\"WYL_1AUjmrKyn1k\"><div id=\"lyte_1AUjmrKyn1k\" data-src=\"https:\/\/www.sankturban.de\/wp-content\/plugins\/wp-youtube-lyte\/lyteCache.php?origThumbUrl=%2F%2Fi.ytimg.com%2Fvi%2F1AUjmrKyn1k%2Fhqdefault.jpg\" class=\"pL\"><div class=\"tC\"><div class=\"tT\"><\/div><\/div><div class=\"play\"><\/div><div class=\"ctrl\"><div class=\"Lctrl\"><\/div><div class=\"Rctrl\"><\/div><\/div><\/div><noscript><a href=\"https:\/\/youtu.be\/1AUjmrKyn1k\" rel=\"nofollow\"><img loading=\"lazy\" decoding=\"async\" src=\"https:\/\/www.sankturban.de\/wp-content\/plugins\/wp-youtube-lyte\/lyteCache.php?origThumbUrl=https%3A%2F%2Fi.ytimg.com%2Fvi%2F1AUjmrKyn1k%2F0.jpg\" alt=\"YouTube-Video-Vorschaubild\" width=\"640\" height=\"340\" \/><br \/>Dieses Video auf YouTube ansehen<\/a><\/noscript><\/div><\/div><div class=\"lL\" style=\"max-width:100%;width:640px;margin:5px;\"><br\/><span class=\"lyte_disclaimer\">Bei Klick auf das Video werden Daten an Youtube \/ Google gesendet<\/span><\/div><figcaption><\/figcaption><\/figure>\n\n<p><a href=\"https:\/\/www.sankturban.de\/wp-content\/uploads\/2015\/03\/13446_logo_taufe_by_katharina_wagner_pfarrbriefservice.jpg\"><img loading=\"lazy\" decoding=\"async\" class=\"alignleft size-medium wp-image-5978\" title=\"13446_logo_taufe_by_katharina_wagner_pfarrbriefservice\" src=\"https:\/\/www.sankturban.de\/wp-content\/uploads\/2015\/03\/13446_logo_taufe_by_katharina_wagner_pfarrbriefservice-300x212.jpg\" alt=\"\" width=\"300\" height=\"212\" srcset=\"https:\/\/www.sankturban.de\/wp-content\/uploads\/2015\/03\/13446_logo_taufe_by_katharina_wagner_pfarrbriefservice-300x212.jpg 300w, https:\/\/www.sankturban.de\/wp-content\/uploads\/2015\/03\/13446_logo_taufe_by_katharina_wagner_pfarrbriefservice.jpg 650w\" sizes=\"auto, (max-width: 300px) 100vw, 300px\" \/><\/a><strong>Sie wollen Ihr Kind taufen lassen, <\/strong>dann freuen wir uns, wenn Sie mit Ihrem Wohnsitzpfarramt unserer Gesamtkirchengemeinde Kontakt aufnehmen. Tauffeiern \u00a0finden in unserer Gesamtkirchengemeinde ca. 2 x monatlich an Sonntagen um 12.00 Uhr (oder innerhalb der Eucharistie, insbesondere in der <a href=\"https:\/\/www.katholisch.de\/artikel\/8339-dies-ist-die-nacht\">Feier der Osternacht<\/a> und am Fest &#8222;Taufe des Herrn&#8220; im Januar) &#8211; in der Regel mit zwei Tauffamilien &#8211; statt.<br \/><strong>Informationen zu den aktuell verf\u00fcgbaren Taufterminen erhalten Sie in Ihrem Pfarrb\u00fcro.<\/strong><\/p>\n<p>F\u00fcr die Anmeldung zur Taufe wird ben\u00f6tigt: Eine Kopie der Geburtsurkunde Ihres Kindes, eine Genehmigung Ihres Pfarramtes (falls Ihre Familie nicht unserer Gemeinde angeh\u00f6rt),\u00a0 Patenbescheinigung\/en,\u00a0 welche die Patin\/der Pate ebenfalls von deren jeweiligen Wohnsitzpfarramt ausgestellt bekommen.<\/p>\n<p>Das Patenamt ist ein kirchliches Amt, welches der Pate eingeht. Daher muss der Pate Mitglied der Kirche sein, um dieses Amt ausf\u00fcllen zu k\u00f6nnen. Der Pate soll dem Patenkind in wichtigen Fragen des christlichen Glaubens und des Lebens zur Seite stehen k\u00f6nnen.<\/p>\n<p>Bei der schriftlichen Anmeldung im Taufpfarramt erfahren Sie auch die Termine f\u00fcr je ein Taufgespr\u00e4ch mit den Taufkatecheten und ein Gespr\u00e4ch mit dem Taufspender (Pfarrer oder Diakon). Zu diesen Gespr\u00e4chen sind die Taufpaten ebenfalls herzlich eingeladen.<\/p>\n<p>Nach der Taufe erstellt das Taufpfarramt eine Taufurkunde bzw. tr\u00e4gt die Taufe in Ihr Familienstammbuch ein. Ebenso wird die Taufe Ihres Kindes in den Kirchenb\u00fcchern vermerkt und an das Standesamt des Wohnsitzes weitergemeldet.<\/p>\n<p><a href=\"https:\/\/www.katholisch.de\/artikel\/5007-katholisch-werden-taufe\"><strong>Erwachsene<\/strong>, die sich gerne taufen lassen wollen<\/a>, melden sich bitte direkt bei Pfarrer G\u00e4lle (erreichbar \u00fcber die Pfarr\u00e4mter). Aktuelle Informationen dazu finden sich auch weiter unten. <br \/>F\u00fcr Erwachsene ist eine Zeit der Vorbereitung\u00a0 auf die Taufe (das sogenannte &#8222;Katechumenat&#8220;) vorgesehen.<\/p>\n<ul>\n<li><a href=\"https:\/\/www.sankturban.de\/wp-content\/uploads\/2015\/03\/Taufe-Vorlage.doc\">Vorlage Liedheft Tauffeier (.doc)<\/a><\/li>\n<li><a href=\"https:\/\/www.katholisch.de\/media\/pdf\/katholisch-de_Gebete-Fuerbitten_Taufe.pdf\">F\u00fcrbitten, biblische Taufspr\u00fcche und Gebete f\u00fcr die Taufe<\/a><\/li>\n<li><a href=\"http:\/\/www.stadtkirche-heidelberg.de\/html\/content\/fuerbitten.html\">F\u00fcrbittenvorschl\u00e4ge zur Taufe I<\/a><\/li>\n<li><a href=\"http:\/\/www.fuerbitten-taufe.de\/fuerbitten\/\">F\u00fcrbittenvorschl\u00e4ge zur Taufe II<\/a><\/li>\n<li><a href=\"https:\/\/www.erzbistum-koeln.de\/seelsorge_und_glaube\/sakramente_und_katechese\/taufe\/taufgottesdienst\/lieder\/\">Lieder f\u00fcr eine Tauffeier<\/a><\/li>\n<li><a href=\"http:\/\/www.taufvorbereitung.de\">www.taufvorbereitung.de<\/a><\/li>\n<li><a href=\"http:\/\/www.katholisch.de\/artikel\/4500-taufe\">Informationen zur Taufe<\/a><\/li>\n<li><a href=\"http:\/\/www.katholisch.de\/de\/katholisch\/glaube\/unser_glaube\/taufe\/uebersichtsseite_taufe.php\">weiterf\u00fchrende Infos<\/a><\/li>\n<\/ul>\n\n<a class=\"wp-block-read-more\" href=\"https:\/\/www.sankturban.de\/?page_id=3680\" target=\"_self\">Weiterlesen<span class=\"screen-reader-text\">: Taufe<\/span><\/a>\n\n<a class=\"wp-block-read-more\" href=\"https:\/\/www.sankturban.de\/?page_id=3680\" target=\"_self\">Weiterlesen<span class=\"screen-reader-text\">: Taufe<\/span><\/a>","protected":false},"excerpt":{"rendered":"<p>Sie wollen Ihr Kind taufen lassen, dann freuen wir uns, wenn Sie mit Ihrem Wohnsitzpfarramt unserer Gesamtkirchengemeinde Kontakt aufnehmen. Tauffeiern \u00a0finden in unserer Gesamtkirchengemeinde ca. 2 x monatlich an Sonntagen um 12.00 Uhr (oder innerhalb der Eucharistie, insbesondere in der &hellip; <a href=\"https:\/\/www.sankturban.de\/?page_id=3680\">Weiterlesen <span class=\"meta-nav\">&rarr;<\/span><\/a><\/p>\n","protected":false},"author":1,"featured_media":0,"parent":3670,"menu_order":2,"comment_status":"closed","ping_status":"open","template":"","meta":{"footnotes":""},"class_list":["post-3680","page","type-page","status-publish","hentry"],"_links":{"self":[{"href":"https:\/\/www.sankturban.de\/index.php?rest_route=\/wp\/v2\/pages\/3680","targetHints":{"allow":["GET"]}}],"collection":[{"href":"https:\/\/www.sankturban.de\/index.php?rest_route=\/wp\/v2\/pages"}],"about":[{"href":"https:\/\/www.sankturban.de\/index.php?rest_route=\/wp\/v2\/types\/page"}],"author":[{"embeddable":true,"href":"https:\/\/www.sankturban.de\/index.php?rest_route=\/wp\/v2\/users\/1"}],"replies":[{"embeddable":true,"href":"https:\/\/www.sankturban.de\/index.php?rest_route=%2Fwp%2Fv2%2Fcomments&post=3680"}],"version-history":[{"count":41,"href":"https:\/\/www.sankturban.de\/index.php?rest_route=\/wp\/v2\/pages\/3680\/revisions"}],"predecessor-version":[{"id":15451,"href":"https:\/\/www.sankturban.de\/index.php?rest_route=\/wp\/v2\/pages\/3680\/revisions\/15451"}],"up":[{"embeddable":true,"href":"https:\/\/www.sankturban.de\/index.php?rest_route=\/wp\/v2\/pages\/3670"}],"wp:attachment":[{"href":"https:\/\/www.sankturban.de\/index.php?rest_route=%2Fwp%2Fv2%2Fmedia&parent=3680"}],"curies":[{"name":"wp","href":"https:\/\/api.w.org\/{rel}","templated":true}]}}