{"id":352,"date":"2011-07-20T16:06:01","date_gmt":"2011-07-20T16:06:01","guid":{"rendered":"http:\/\/home.sankturban.de\/?page_id=352"},"modified":"2022-03-22T14:57:51","modified_gmt":"2022-03-22T13:57:51","slug":"kindergarten-st-paulus","status":"publish","type":"page","link":"https:\/\/www.sankturban.de\/?page_id=352","title":{"rendered":"Kinder- und Familienzentrum"},"content":{"rendered":"<p>Die Katholische Kindertagesst\u00e4tte von St. Markus in Hedelfingen entwickelte sich im Jahr 2018 zum heutigen <span style=\"color: #0000ff;\"><em><strong>Katholischen Kinder- und Familienzentrum St. Markus<\/strong><\/em><\/span> weiter und erg\u00e4nzt dessen Angebot mit einem vielf\u00e4ltigen Veranstaltungskatalog. Dieser richtet sich vor allem an die Familien im Stadtteil samt der Gesamtkirchengemeinde und orientiert sich an deren Bed\u00fcrfnisse. Das Kinder- und Familienzentrum St. Markus ist als Teil der Kirchengemeinde auch ein pastoraler Ort, indem die Kirche als Teil der Gesellschaft sichtbar und erlebbar wird.<\/p>\n<p>Als Grundlage der Einrichtung dient in der p\u00e4dagogischen Arbeit der Orientierungsplan f\u00fcr Bildung und Erziehung in baden-w\u00fcrttembergischen Kindertageseinrichtungen. Dieser Orientierungsplan wird mit Hilfe des Handlungskonzeptes \u201e<em>infans<\/em>\u201c umgesetzt.<\/p>\n<p>Weitere Informationen u.a. zu unseren Angeboten finden Sie hier:<\/p>\n<p>Zur &#8222;<strong><em>KiTa St. Markus<\/em><\/strong>&#8222;:<br \/>\n<a href=\"https:\/\/www.kath-kitas-stuttgart.de\/unsere-einrichtungen\/st-markus\" target=\"_blank\" rel=\"noopener\">https:\/\/www.kath-kitas-stuttgart.de\/unsere-einrichtungen\/st-markus<\/a><\/p>\n<p>Zum &#8222;<em><strong>Familienzentrum<\/strong><\/em>&#8222;:<br \/>\n<a href=\"https:\/\/www.kath-kitas-stuttgart.de\/kifaz\/kifaz-st-markus\" target=\"_blank\" rel=\"noopener\">https:\/\/www.kath-kitas-stuttgart.de\/kifaz\/kifaz-st-markus<\/a><\/p>\n","protected":false},"excerpt":{"rendered":"<p>Die Katholische Kindertagesst\u00e4tte von St. Markus in Hedelfingen entwickelte sich im Jahr 2018 zum heutigen Katholischen Kinder- und Familienzentrum St. Markus weiter und erg\u00e4nzt dessen Angebot mit einem vielf\u00e4ltigen Veranstaltungskatalog. Dieser richtet sich vor allem an die Familien im Stadtteil &hellip; <a href=\"https:\/\/www.sankturban.de\/?page_id=352\">Weiterlesen <span class=\"meta-nav\">&rarr;<\/span><\/a><\/p>\n","protected":false},"author":1,"featured_media":0,"parent":200,"menu_order":2,"comment_status":"closed","ping_status":"closed","template":"Hero.php","meta":{"footnotes":""},"class_list":["post-352","page","type-page","status-publish","hentry"],"_links":{"self":[{"href":"https:\/\/www.sankturban.de\/index.php?rest_route=\/wp\/v2\/pages\/352","targetHints":{"allow":["GET"]}}],"collection":[{"href":"https:\/\/www.sankturban.de\/index.php?rest_route=\/wp\/v2\/pages"}],"about":[{"href":"https:\/\/www.sankturban.de\/index.php?rest_route=\/wp\/v2\/types\/page"}],"author":[{"embeddable":true,"href":"https:\/\/www.sankturban.de\/index.php?rest_route=\/wp\/v2\/users\/1"}],"replies":[{"embeddable":true,"href":"https:\/\/www.sankturban.de\/index.php?rest_route=%2Fwp%2Fv2%2Fcomments&post=352"}],"version-history":[{"count":39,"href":"https:\/\/www.sankturban.de\/index.php?rest_route=\/wp\/v2\/pages\/352\/revisions"}],"predecessor-version":[{"id":11337,"href":"https:\/\/www.sankturban.de\/index.php?rest_route=\/wp\/v2\/pages\/352\/revisions\/11337"}],"up":[{"embeddable":true,"href":"https:\/\/www.sankturban.de\/index.php?rest_route=\/wp\/v2\/pages\/200"}],"wp:attachment":[{"href":"https:\/\/www.sankturban.de\/index.php?rest_route=%2Fwp%2Fv2%2Fmedia&parent=352"}],"curies":[{"name":"wp","href":"https:\/\/api.w.org\/{rel}","templated":true}]}}