{"id":3476,"date":"2015-01-19T22:50:00","date_gmt":"2015-01-19T21:50:00","guid":{"rendered":"http:\/\/www.sankturban.de\/?page_id=3476"},"modified":"2026-01-10T21:10:45","modified_gmt":"2026-01-10T20:10:45","slug":"hauptamtliche-mitarbeiter-2","status":"publish","type":"page","link":"https:\/\/www.sankturban.de\/?page_id=3476","title":{"rendered":"Pastorale Mitarbeiter"},"content":{"rendered":"\n<p><\/p>\n\n\n\n<div class=\"wp-block-media-text alignwide is-stacked-on-mobile is-vertically-aligned-top\" style=\"grid-template-columns:25% auto\"><figure class=\"wp-block-media-text__media\"><img loading=\"lazy\" decoding=\"async\" width=\"1024\" height=\"767\" src=\"https:\/\/www.sankturban.de\/wp-content\/uploads\/2011\/08\/Gaelle-1024x767.jpg\" alt=\"Pfarrer Andreas G\u00e4lle\" class=\"wp-image-4584 size-full\" srcset=\"https:\/\/www.sankturban.de\/wp-content\/uploads\/2011\/08\/Gaelle-1024x767.jpg 1024w, https:\/\/www.sankturban.de\/wp-content\/uploads\/2011\/08\/Gaelle-300x224.jpg 300w, https:\/\/www.sankturban.de\/wp-content\/uploads\/2011\/08\/Gaelle.jpg 2048w\" sizes=\"auto, (max-width: 1024px) 100vw, 1024px\" \/><\/figure><div class=\"wp-block-media-text__content\">\n<p>Pfarrer Andreas G\u00e4lle<\/p>\n\n\n\n<p>Telefon: 0711 \/ 33 52 23<\/p>\n\n\n\n<p>eMail: <a href=\"mailto:Andreas.Gaelle@drs.de\">Andreas.Gaelle@drs.de<\/a><\/p>\n<\/div><\/div>\n\n\n\n<div class=\"wp-block-media-text alignwide is-stacked-on-mobile is-vertically-aligned-top\" style=\"grid-template-columns:25% auto\"><figure class=\"wp-block-media-text__media\"><img loading=\"lazy\" decoding=\"async\" width=\"1024\" height=\"767\" src=\"https:\/\/www.sankturban.de\/wp-content\/uploads\/2011\/08\/Lindel-1024x767.jpg\" alt=\"Pastoralreferent Markus Lindel\" class=\"wp-image-4586 size-full\" srcset=\"https:\/\/www.sankturban.de\/wp-content\/uploads\/2011\/08\/Lindel-1024x767.jpg 1024w, https:\/\/www.sankturban.de\/wp-content\/uploads\/2011\/08\/Lindel-300x224.jpg 300w, https:\/\/www.sankturban.de\/wp-content\/uploads\/2011\/08\/Lindel.jpg 2048w\" sizes=\"auto, (max-width: 1024px) 100vw, 1024px\" \/><\/figure><div class=\"wp-block-media-text__content\">\n<p>Pastoralreferent Markus Lindel<\/p>\n\n\n\n<p>Telefon: 0711 \/ 892 531 32<\/p>\n\n\n\n<p>eMail: <a href=\"mailto:Markus.Lindel@drs.de\">Markus.Lindel@drs.de<\/a><\/p>\n<\/div><\/div>\n\n\n\n<div class=\"wp-block-media-text alignwide is-stacked-on-mobile is-vertically-aligned-top\" style=\"grid-template-columns:25% auto\"><figure class=\"wp-block-media-text__media\"><img loading=\"lazy\" decoding=\"async\" width=\"919\" height=\"849\" src=\"https:\/\/www.sankturban.de\/wp-content\/uploads\/2025\/09\/Vikar-Straub-Frank-www.jpg\" alt=\"\" class=\"wp-image-15466 size-full\" srcset=\"https:\/\/www.sankturban.de\/wp-content\/uploads\/2025\/09\/Vikar-Straub-Frank-www.jpg 919w, https:\/\/www.sankturban.de\/wp-content\/uploads\/2025\/09\/Vikar-Straub-Frank-www-300x277.jpg 300w, https:\/\/www.sankturban.de\/wp-content\/uploads\/2025\/09\/Vikar-Straub-Frank-www-768x710.jpg 768w\" sizes=\"auto, (max-width: 919px) 100vw, 919px\" \/><\/figure><div class=\"wp-block-media-text__content\">\n<p>Vikar Frank Straub&nbsp;<\/p>\n\n\n\n<p>Telefon: 0711 \/ 918 30 77<br \/><\/p>\n\n\n\n<p>eMail: <a href=\"mailto:Frank.Straub@drs.de\" data-type=\"mailto\" data-id=\"mailto:Ulrich.Letzgus@drs.de\" target=\"_blank\" rel=\"noreferrer noopener\">Frank.Straub@drs.de<\/a><\/p>\n<\/div><\/div>\n\n\n\n<p><\/p>\n\n\n\n<p>In <strong>dringenden seelsorgerlichen Angelegenheiten<\/strong> (v.a. Krankensalbung, Sterbesakramente und Sterbef\u00e4lle) k\u00f6nnen Sie einen pastoralen Ansprechpartner auch au\u00dferhalb der B\u00fcrozeiten unter der Telefonnummer <strong>0160 \/ 74 54 719<\/strong> erreichen.<\/p>\n","protected":false},"excerpt":{"rendered":"<p>Pfarrer Andreas G\u00e4lle Telefon: 0711 \/ 33 52 23 eMail: Andreas.Gaelle@drs.de Pastoralreferent Markus Lindel Telefon: 0711 \/ 892 531 32 eMail: Markus.Lindel@drs.de Vikar Frank Straub&nbsp; Telefon: 0711 \/ 918 30 77 eMail: Frank.Straub@drs.de In dringenden seelsorgerlichen Angelegenheiten (v.a. Krankensalbung, Sterbesakramente &hellip; <a href=\"https:\/\/www.sankturban.de\/?page_id=3476\">Weiterlesen <span class=\"meta-nav\">&rarr;<\/span><\/a><\/p>\n","protected":false},"author":2,"featured_media":0,"parent":200,"menu_order":5,"comment_status":"closed","ping_status":"closed","template":"Hero.php","meta":{"footnotes":""},"class_list":["post-3476","page","type-page","status-publish","hentry"],"_links":{"self":[{"href":"https:\/\/www.sankturban.de\/index.php?rest_route=\/wp\/v2\/pages\/3476","targetHints":{"allow":["GET"]}}],"collection":[{"href":"https:\/\/www.sankturban.de\/index.php?rest_route=\/wp\/v2\/pages"}],"about":[{"href":"https:\/\/www.sankturban.de\/index.php?rest_route=\/wp\/v2\/types\/page"}],"author":[{"embeddable":true,"href":"https:\/\/www.sankturban.de\/index.php?rest_route=\/wp\/v2\/users\/2"}],"replies":[{"embeddable":true,"href":"https:\/\/www.sankturban.de\/index.php?rest_route=%2Fwp%2Fv2%2Fcomments&post=3476"}],"version-history":[{"count":49,"href":"https:\/\/www.sankturban.de\/index.php?rest_route=\/wp\/v2\/pages\/3476\/revisions"}],"predecessor-version":[{"id":15844,"href":"https:\/\/www.sankturban.de\/index.php?rest_route=\/wp\/v2\/pages\/3476\/revisions\/15844"}],"up":[{"embeddable":true,"href":"https:\/\/www.sankturban.de\/index.php?rest_route=\/wp\/v2\/pages\/200"}],"wp:attachment":[{"href":"https:\/\/www.sankturban.de\/index.php?rest_route=%2Fwp%2Fv2%2Fmedia&parent=3476"}],"curies":[{"name":"wp","href":"https:\/\/api.w.org\/{rel}","templated":true}]}}