{"id":3430,"date":"2015-01-16T20:16:26","date_gmt":"2015-01-16T19:16:26","guid":{"rendered":"http:\/\/www.sankturban.de\/?page_id=3430"},"modified":"2015-01-19T22:26:15","modified_gmt":"2015-01-19T21:26:15","slug":"muttersprachliche-gemeinden","status":"publish","type":"page","link":"https:\/\/www.sankturban.de\/?page_id=3430","title":{"rendered":"Muttersprachliche Gemeinden"},"content":{"rendered":"<p>In der Di\u00f6zese leben 215.000 Katholiken mit einer  anderen Muttersprache als der deutschen. Sie kommen aus 160  unterschiedlichen Nationen. Davon stammen 180.000 Katholiken aus 11  L\u00e4ndern und die weiteren 40.000 aus 150 verschiedenen L\u00e4ndern.<\/p>\n<p>Diese muttersprachlichen Katholiken geh\u00f6ren zur  jeweiligen Kirchengemeinde, auf deren Gebiet sie ihren Wohnsitz haben.  Zur F\u00f6rderung der eigenen kulturellen und religi\u00f6sen Identit\u00e4t und zur  Entwicklung einer interkulturellen Pastoral in den jeweiligen  Seelsorgeeinheiten sind neben den 1036 Kirchengemeinden weitere 98  eigenst\u00e4ndige Gemeinden f\u00fcr Katholiken anderer Muttersprachen errichtet.  Diese werden von einem Pfarrer in Zusammenarbeit mit dem gew\u00e4hlten  Pastoralrat und den anderen hauptberufliche pastoralen Diensten  geleitet.<\/p>\n<ul>\n<li><a href=\"http:\/\/www.kath-kirche-stuttgart.de\/seelsorge\/gemeinden-und-muttersprachliche-gemeinden\/\" target=\"_blank\">Muttersprachliche Gemeinden in Stuttgart<\/a><\/li>\n<li><a href=\"http:\/\/pastorale-konzeption.drs.de\/index.php?id=1401\" target=\"_blank\">Muttersprachliche Gemeinden in der Di\u00f6zese Rottenburg-Stuttgart<\/a><\/li>\n<\/ul>\n<p>&nbsp;<\/p>\n","protected":false},"excerpt":{"rendered":"<p>In der Di\u00f6zese leben 215.000 Katholiken mit einer anderen Muttersprache als der deutschen. Sie kommen aus 160 unterschiedlichen Nationen. Davon stammen 180.000 Katholiken aus 11 L\u00e4ndern und die weiteren 40.000 aus 150 verschiedenen L\u00e4ndern. Diese muttersprachlichen Katholiken geh\u00f6ren zur jeweiligen &hellip; <a href=\"https:\/\/www.sankturban.de\/?page_id=3430\">Weiterlesen <span class=\"meta-nav\">&rarr;<\/span><\/a><\/p>\n","protected":false},"author":1,"featured_media":0,"parent":0,"menu_order":5,"comment_status":"closed","ping_status":"open","template":"","meta":{"footnotes":""},"class_list":["post-3430","page","type-page","status-publish","hentry"],"_links":{"self":[{"href":"https:\/\/www.sankturban.de\/index.php?rest_route=\/wp\/v2\/pages\/3430","targetHints":{"allow":["GET"]}}],"collection":[{"href":"https:\/\/www.sankturban.de\/index.php?rest_route=\/wp\/v2\/pages"}],"about":[{"href":"https:\/\/www.sankturban.de\/index.php?rest_route=\/wp\/v2\/types\/page"}],"author":[{"embeddable":true,"href":"https:\/\/www.sankturban.de\/index.php?rest_route=\/wp\/v2\/users\/1"}],"replies":[{"embeddable":true,"href":"https:\/\/www.sankturban.de\/index.php?rest_route=%2Fwp%2Fv2%2Fcomments&post=3430"}],"version-history":[{"count":7,"href":"https:\/\/www.sankturban.de\/index.php?rest_route=\/wp\/v2\/pages\/3430\/revisions"}],"predecessor-version":[{"id":3473,"href":"https:\/\/www.sankturban.de\/index.php?rest_route=\/wp\/v2\/pages\/3430\/revisions\/3473"}],"wp:attachment":[{"href":"https:\/\/www.sankturban.de\/index.php?rest_route=%2Fwp%2Fv2%2Fmedia&parent=3430"}],"curies":[{"name":"wp","href":"https:\/\/api.w.org\/{rel}","templated":true}]}}