{"id":330,"date":"2011-07-19T13:30:11","date_gmt":"2011-07-19T13:30:11","guid":{"rendered":"http:\/\/home.sankturban.de\/?page_id=330"},"modified":"2011-10-19T20:52:39","modified_gmt":"2011-10-19T20:52:39","slug":"gruppenp","status":"publish","type":"page","link":"https:\/\/www.sankturban.de\/?page_id=330","title":{"rendered":"Gruppen St. Johannes"},"content":{"rendered":"<p>Bitte w\u00e4hlen Sie eine unserer Gruppen aus dem Men\u00fc auf der linken Seite oder aus dem oberen Men\u00fc<\/p>\n","protected":false},"excerpt":{"rendered":"<p>Bitte w\u00e4hlen Sie eine unserer Gruppen aus dem Men\u00fc auf der linken Seite oder aus dem oberen Men\u00fc<\/p>\n","protected":false},"author":1,"featured_media":0,"parent":10,"menu_order":0,"comment_status":"closed","ping_status":"closed","template":"Hero.php","meta":{"footnotes":""},"class_list":["post-330","page","type-page","status-publish","hentry"],"_links":{"self":[{"href":"https:\/\/www.sankturban.de\/index.php?rest_route=\/wp\/v2\/pages\/330","targetHints":{"allow":["GET"]}}],"collection":[{"href":"https:\/\/www.sankturban.de\/index.php?rest_route=\/wp\/v2\/pages"}],"about":[{"href":"https:\/\/www.sankturban.de\/index.php?rest_route=\/wp\/v2\/types\/page"}],"author":[{"embeddable":true,"href":"https:\/\/www.sankturban.de\/index.php?rest_route=\/wp\/v2\/users\/1"}],"replies":[{"embeddable":true,"href":"https:\/\/www.sankturban.de\/index.php?rest_route=%2Fwp%2Fv2%2Fcomments&post=330"}],"version-history":[{"count":3,"href":"https:\/\/www.sankturban.de\/index.php?rest_route=\/wp\/v2\/pages\/330\/revisions"}],"predecessor-version":[{"id":332,"href":"https:\/\/www.sankturban.de\/index.php?rest_route=\/wp\/v2\/pages\/330\/revisions\/332"}],"up":[{"embeddable":true,"href":"https:\/\/www.sankturban.de\/index.php?rest_route=\/wp\/v2\/pages\/10"}],"wp:attachment":[{"href":"https:\/\/www.sankturban.de\/index.php?rest_route=%2Fwp%2Fv2%2Fmedia&parent=330"}],"curies":[{"name":"wp","href":"https:\/\/api.w.org\/{rel}","templated":true}]}}