{"id":328,"date":"2011-07-19T13:29:26","date_gmt":"2011-07-19T13:29:26","guid":{"rendered":"http:\/\/home.sankturban.de\/?page_id=328"},"modified":"2011-10-19T20:51:55","modified_gmt":"2011-10-19T20:51:55","slug":"gruppenp","status":"publish","type":"page","link":"https:\/\/www.sankturban.de\/?page_id=328","title":{"rendered":"Gruppen St. Christophorus"},"content":{"rendered":"<p>Bitte w\u00e4hlen Sie eine unserer Gruppen aus dem Men\u00fc auf der linken Seite oder aus dem oberen Men\u00fc<\/p>\n","protected":false},"excerpt":{"rendered":"<p>Bitte w\u00e4hlen Sie eine unserer Gruppen aus dem Men\u00fc auf der linken Seite oder aus dem oberen Men\u00fc<\/p>\n","protected":false},"author":1,"featured_media":0,"parent":6,"menu_order":0,"comment_status":"closed","ping_status":"closed","template":"Hero.php","meta":{"footnotes":""},"class_list":["post-328","page","type-page","status-publish","hentry"],"_links":{"self":[{"href":"https:\/\/www.sankturban.de\/index.php?rest_route=\/wp\/v2\/pages\/328","targetHints":{"allow":["GET"]}}],"collection":[{"href":"https:\/\/www.sankturban.de\/index.php?rest_route=\/wp\/v2\/pages"}],"about":[{"href":"https:\/\/www.sankturban.de\/index.php?rest_route=\/wp\/v2\/types\/page"}],"author":[{"embeddable":true,"href":"https:\/\/www.sankturban.de\/index.php?rest_route=\/wp\/v2\/users\/1"}],"replies":[{"embeddable":true,"href":"https:\/\/www.sankturban.de\/index.php?rest_route=%2Fwp%2Fv2%2Fcomments&post=328"}],"version-history":[{"count":2,"href":"https:\/\/www.sankturban.de\/index.php?rest_route=\/wp\/v2\/pages\/328\/revisions"}],"predecessor-version":[{"id":567,"href":"https:\/\/www.sankturban.de\/index.php?rest_route=\/wp\/v2\/pages\/328\/revisions\/567"}],"up":[{"embeddable":true,"href":"https:\/\/www.sankturban.de\/index.php?rest_route=\/wp\/v2\/pages\/6"}],"wp:attachment":[{"href":"https:\/\/www.sankturban.de\/index.php?rest_route=%2Fwp%2Fv2%2Fmedia&parent=328"}],"curies":[{"name":"wp","href":"https:\/\/api.w.org\/{rel}","templated":true}]}}