{"id":2330,"date":"2014-02-19T23:13:21","date_gmt":"2014-02-19T22:13:21","guid":{"rendered":"http:\/\/www.sankturban.de\/?page_id=2330"},"modified":"2022-02-02T22:50:47","modified_gmt":"2022-02-02T21:50:47","slug":"kinder-und-jugend-paulus","status":"publish","type":"page","link":"https:\/\/www.sankturban.de\/?page_id=2330","title":{"rendered":"Kinder und Jugend"},"content":{"rendered":"\n<p><strong>Krabbelgruppen:<\/strong><\/p>\n\n\n\n<p>Im Kinder- und Familienzentrum St. Markus in Hedelfingen:<br \/>Immer dienstags von 09.00 \u2013 11.00 Uhr k\u00f6nnen Sie und Ihr Kind eine neue Umgebung, andere Spielzeuge und aufregende (erste) Kontakte zu anderen Kindern aufbauen. In dieser Spielgruppe erweitern die J\u00fcngsten ihre Erfahrungswelt \u2013 spielerisch und im gesch\u00fctzten Raum &#8211; , w\u00e4hrend Sie als Eltern sich austauschen und Anregungen erhalten.<\/p>\n\n\n\n<p>Ansprechperson ist Stefanie Gschwinder vom <a href=\"https:\/\/www.sankturban.de\/?page_id=352\" target=\"_blank\" rel=\"noreferrer noopener\">Kinder- und Familienzentrum St. Markus<\/a><\/p>\n\n\n\n<p><strong>Ministranten:<\/strong><\/p>\n\n\n\n<p>Unsere Minis unterst\u00fctzen im Gottesdienst und leisten dort eine ganz wichtige, wertvolle Arbeit. Neben  dem Dienst bieten wir verschiedene Treffen und Ausfl\u00fcge durch das gesamte Jahr an.<\/p>\n\n\n\n<p>Ansprechpersonen sind in den einzelnen Gemeinden:<br \/>St. Markus (Hedelfingen):&nbsp; Hr. Philipp<br \/>St. Christophorus (Wangen): <a href=\"https:\/\/www.sankturban.de\/?page_id=3476\" target=\"_blank\" rel=\"noreferrer noopener\">Pfr. G\u00e4lle<\/a><br \/>St. Franziskus (Obert\u00fcrkheim): Fr. Lux<br \/>St. Johannes (Untert\u00fcrkheim): <a href=\"https:\/\/www.sankturban.de\/?page_id=3476\" target=\"_blank\" rel=\"noreferrer noopener\">Pfr. G\u00e4lle<\/a><\/p>\n\n\n\n<p><strong>Sternsinger:<\/strong><\/p>\n\n\n\n<p>Funkelnde Kronen, k\u00f6nigliche Gew\u00e4nder: Das sind die Sternsinger!<br \/>In den ersten Tagen des Jahres ziehen in ganz Deutschland Kinder und Jugendliche von Haus zu Haus. Sie erinnern uns an die Heiligen Drei K\u00f6nige, die sich vor 2.000 Jahren auf den Weg nach Betlehem gemacht haben, um Jesus zu finden. Die Sternsinger segnen die H\u00e4user und bitten die Menschen um eine Spende f\u00fcr Kinder anderswo auf der Welt, die Hilfe brauchen.<\/p>\n\n\n\n<p>Sternsinger bringen Segen!<br \/>Wer Sternsingen geht, bringt den Segen Gottes f\u00fcr das neue Jahr &#8211; und ist selbst ein Segen f\u00fcr alle, die sich \u00fcber den Besuch der K\u00f6nige freuen.<br \/>Sternsinger ver\u00e4ndern die Welt!<br \/>Die Sternsinger sammeln Spenden, damit Kinder genug zu essen haben, gesund aufwachsen<\/p>\n\n\n\n<p>Mehr Infos unter: <a rel=\"noreferrer noopener\" href=\"https:\/\/www.sternsinger.de\/sternsingen\/sternsinger-faq\/\" target=\"_blank\">https:\/\/www.sternsinger.de\/sternsingen\/sternsinger-faq\/<\/a><\/p>\n\n\n\n<p>Du hast Lust bekommen und m\u00f6chtest selber gerne ein Sternsinger sein? Melde dich bei uns!<br \/>Unsere Ansprechpartner vor Ort in diesem Jahr sind:<br \/>St. Markus (Hedelfingen): Kurt Philipp<br \/>St. Christophorus (Wangen): Nathalie Nattarer<br \/>St. Franziskus (Obert\u00fcrkheim): Frau Lux<br \/>St. Johannes (Untert\u00fcrkheim): Sonja Rubenbauer<\/p>\n\n\n\n<p><strong>Pfadfinder Obert\u00fcrkheim:<\/strong><\/p>\n\n\n\n<p>Die Pfadfinder in Stuttgart-Obert\u00fcrkheim bilden den Stamm Sankt Franziskus. Der Stamm gliedert sich in vier Altersstufen: W\u00f6lflinge, Jungpfadfinder, Pfadfinder und Rover. Die Kinder und Jugendlichen treffen sich w\u00f6chentlich zu Gruppenstunden. Gemeinsam \u00fcberlegen sie sich Projekte die zusammen mit den Leitern umgesetzt werden.<br \/>Die Leiter organisieren das Stammesleben in der Leiterrunde. Sie bereiten unter anderem den Pfadfinderstand auf dem Obert\u00fcrkheimer Weihnachtsmacht vor, pflegen den stammeseigenen Pfadi-Garten und planen gemeinsame H\u00fcttenwochenenden. Das Highlight ist das j\u00e4hrliche Zeltlager. Kinder und Leiter verbringen zusammen Zeit in der Natur, basteln, spielen und sitzen abends gem\u00fctlich am Lagerfeuer.<br \/>N\u00e4here Infos unter: <a rel=\"noreferrer noopener\" href=\"https:\/\/dpsg-obertuerkheim.de\/\" target=\"_blank\">https:\/\/dpsg-obertuerkheim.de<\/a><\/p>\n\n\n\n<p><strong>Familienkreis Obert\u00fcrkheim:<\/strong><\/p>\n\n\n\n<p>Im Familienkreis treffen sich ungef\u00e4hr alle 2 Monate Familien mit ihren Kindern zwischen 3 und 16 Jahren, um gemeinsam Aktionen oder Ausfl\u00fcge zu machen. Gegen Ende des Jahres setzen sich alle zusammen und \u00fcberlegen das Programm f\u00fcrs n\u00e4chste Jahr.<\/p>\n\n\n\n<p><strong>Gottesdienste:<\/strong><\/p>\n\n\n\n<p><strong>Kinder- und Familiengottesdienste:<\/strong><\/p>\n\n\n\n<p>Familiengottesdienste finden circa alle 2 Monate statt und werden gemeinsam mit den Einrichtungen oder dem Familiengottesdienstteam Obert\u00fcrkheim gestaltet. Zu besonderen Festtagen oder in der Erstkommunion-Vorbereitung finden ebenfalls Kinder- oder Familiengottesdienste statt:<\/p>\n\n\n\n<ul class=\"wp-block-list\"><li>Krippenfeiern<\/li><li>Sternsinger<\/li><li>Kar- und Ostertage<\/li><li>St. Martin<\/li><\/ul>\n\n\n\n<p>Genaue Termine und Uhrzeiten finden Sie in unserem Gemeindemagazin oder erhalten Sie per Newsletter f\u00fcr Familien. So verpassen Sie keinen Termin. Anmelden k\u00f6nnen Sie sich dazu unter folgendem Link: <a rel=\"noreferrer noopener\" href=\"https:\/\/info.drs.de\/familie-gkg-sankt-urban\" target=\"_blank\">https:\/\/info.drs.de\/familie-gkg-sankt-urban<\/a> <\/p>\n\n\n\n<p>Sie haben Lust, mitzugestalten? Ansprechperson f\u00fcr Kinder- und Familiengottesdienste ist <a href=\"https:\/\/www.sankturban.de\/?page_id=3476\" target=\"_blank\" rel=\"noreferrer noopener\">Markus Lindel<\/a> <\/p>\n\n\n\n<p><strong>Sonntagsmaler:<\/strong><\/p>\n\n\n\n<p>Die Sonntagsmaler ist ein Angebot f\u00fcr Kinder w\u00e4hrend der Eucharistie-Feier in Obert\u00fcrkheim.<br \/>Wir beginnen gemeinsam mit allen anderen in der Kirche. Nach dem Tagesgebet gehen wir ins Gemeindezentrum unter der Kirche und erleben das Evangelium und den Gottesdienst ganz kindgerecht mit Singen, Beten, Tanzen, Basteln. Normalerweise sind wir bei der Kommunion wieder beisammen in der Kirche.<\/p>\n\n\n\n<p><strong>Generell:<\/strong><\/p>\n\n\n\n<p>Sie haben Freude an der Arbeit mit Kindern und Familien und m\u00f6chten f\u00fcr Ihr Kind und Ihre Familie ein Angebot wahrnehmen? Sprechen Sie mich an, gemeinsam k\u00f6nnen wir Angebote entwickeln und ihre Ideen und Begabungen aufnehmen.<\/p>\n\n\n\n<p>Ansprechpartner: <a rel=\"noreferrer noopener\" href=\"https:\/\/www.sankturban.de\/?page_id=3476\" target=\"_blank\">Markus Lindel<\/a> <\/p>\n","protected":false},"excerpt":{"rendered":"<p>Krabbelgruppen: Im Kinder- und Familienzentrum St. Markus in Hedelfingen:Immer dienstags von 09.00 \u2013 11.00 Uhr k\u00f6nnen Sie und Ihr Kind eine neue Umgebung, andere Spielzeuge und aufregende (erste) Kontakte zu anderen Kindern aufbauen. In dieser Spielgruppe erweitern die J\u00fcngsten ihre &hellip; <a href=\"https:\/\/www.sankturban.de\/?page_id=2330\">Weiterlesen <span class=\"meta-nav\">&rarr;<\/span><\/a><\/p>\n","protected":false},"author":1,"featured_media":0,"parent":230,"menu_order":0,"comment_status":"closed","ping_status":"closed","template":"","meta":{"footnotes":""},"class_list":["post-2330","page","type-page","status-publish","hentry"],"_links":{"self":[{"href":"https:\/\/www.sankturban.de\/index.php?rest_route=\/wp\/v2\/pages\/2330","targetHints":{"allow":["GET"]}}],"collection":[{"href":"https:\/\/www.sankturban.de\/index.php?rest_route=\/wp\/v2\/pages"}],"about":[{"href":"https:\/\/www.sankturban.de\/index.php?rest_route=\/wp\/v2\/types\/page"}],"author":[{"embeddable":true,"href":"https:\/\/www.sankturban.de\/index.php?rest_route=\/wp\/v2\/users\/1"}],"replies":[{"embeddable":true,"href":"https:\/\/www.sankturban.de\/index.php?rest_route=%2Fwp%2Fv2%2Fcomments&post=2330"}],"version-history":[{"count":61,"href":"https:\/\/www.sankturban.de\/index.php?rest_route=\/wp\/v2\/pages\/2330\/revisions"}],"predecessor-version":[{"id":11143,"href":"https:\/\/www.sankturban.de\/index.php?rest_route=\/wp\/v2\/pages\/2330\/revisions\/11143"}],"up":[{"embeddable":true,"href":"https:\/\/www.sankturban.de\/index.php?rest_route=\/wp\/v2\/pages\/230"}],"wp:attachment":[{"href":"https:\/\/www.sankturban.de\/index.php?rest_route=%2Fwp%2Fv2%2Fmedia&parent=2330"}],"curies":[{"name":"wp","href":"https:\/\/api.w.org\/{rel}","templated":true}]}}