{"id":230,"date":"2011-07-18T15:48:19","date_gmt":"2011-07-18T15:48:19","guid":{"rendered":"http:\/\/home.sankturban.de\/?page_id=230"},"modified":"2014-12-07T21:17:45","modified_gmt":"2014-12-07T20:17:45","slug":"gruppenp","status":"publish","type":"page","link":"https:\/\/www.sankturban.de\/?page_id=230","title":{"rendered":"Gruppen St. Markus"},"content":{"rendered":"<p>Bitte w\u00e4hlen Sie eine unserer Gruppen aus dem Men\u00fc auf der linken Seite oder aus dem oberen Men\u00fc<\/p>\n","protected":false},"excerpt":{"rendered":"<p>Bitte w\u00e4hlen Sie eine unserer Gruppen aus dem Men\u00fc auf der linken Seite oder aus dem oberen Men\u00fc<\/p>\n","protected":false},"author":1,"featured_media":0,"parent":200,"menu_order":0,"comment_status":"closed","ping_status":"closed","template":"Hero.php","meta":{"footnotes":""},"class_list":["post-230","page","type-page","status-publish","hentry"],"_links":{"self":[{"href":"https:\/\/www.sankturban.de\/index.php?rest_route=\/wp\/v2\/pages\/230","targetHints":{"allow":["GET"]}}],"collection":[{"href":"https:\/\/www.sankturban.de\/index.php?rest_route=\/wp\/v2\/pages"}],"about":[{"href":"https:\/\/www.sankturban.de\/index.php?rest_route=\/wp\/v2\/types\/page"}],"author":[{"embeddable":true,"href":"https:\/\/www.sankturban.de\/index.php?rest_route=\/wp\/v2\/users\/1"}],"replies":[{"embeddable":true,"href":"https:\/\/www.sankturban.de\/index.php?rest_route=%2Fwp%2Fv2%2Fcomments&post=230"}],"version-history":[{"count":10,"href":"https:\/\/www.sankturban.de\/index.php?rest_route=\/wp\/v2\/pages\/230\/revisions"}],"predecessor-version":[{"id":554,"href":"https:\/\/www.sankturban.de\/index.php?rest_route=\/wp\/v2\/pages\/230\/revisions\/554"}],"up":[{"embeddable":true,"href":"https:\/\/www.sankturban.de\/index.php?rest_route=\/wp\/v2\/pages\/200"}],"wp:attachment":[{"href":"https:\/\/www.sankturban.de\/index.php?rest_route=%2Fwp%2Fv2%2Fmedia&parent=230"}],"curies":[{"name":"wp","href":"https:\/\/api.w.org\/{rel}","templated":true}]}}