{"id":1653,"date":"2013-04-27T00:54:13","date_gmt":"2013-04-26T23:54:13","guid":{"rendered":"http:\/\/www.sankturban.de\/?page_id=1653"},"modified":"2021-03-20T11:19:04","modified_gmt":"2021-03-20T10:19:04","slug":"kirchen-der-gemeinde","status":"publish","type":"page","link":"https:\/\/www.sankturban.de\/?page_id=1653","title":{"rendered":"Kirchen der Gemeinde"},"content":{"rendered":"<p>Zur Kirchengemeinde St. Markus geh\u00f6ren die heutige Pfarrkirche St. Markus in Hedelfingen und die Kirche St. Paulus in Rohracker.<\/p>\n<p>Alle Gottesdienste und Veranstaltungen der Kirchengemeinde St. Markus finden, wenn nicht anders angegeben, ausschlie\u00dflich in St. Markus in Hedelfingen statt:<\/p>\n<p><strong>Kirche und Gemeindezentrum St. Markus<\/strong><br \/>\nOtto-Hirsch-Br\u00fccken 20<br \/>\n70329 Stuttgart-Hedelfingen<\/p>\n<p>Hier befindet sich auch das <a href=\"https:\/\/www.sankturban.de\/?page_id=18\">Pfarramt der Kirchengemeinde St. Markus<\/a>.<\/p>\n<p>Die fr\u00fchere Pfarrkirche St. Paulus mit dem dazugeh\u00f6rigen Gemeindezentrum in Rohracker wurde im Herbst 2012 geschlo\u00dfen. Seit Dezember 2014 ist die Kirche St. Paulus die neue Heimat der <a href=\"https:\/\/www.sankturban.de\/?page_id=3436\" target=\"_blank\" rel=\"noopener\"><strong>Chald\u00e4ischen Gemeinde \u201eMar Schimon Bar Sabai&#8220;<\/strong><\/a>:<br \/>\nD\u00fcrrbachstr. 81<br \/>\n70329 Stuttgart-Rohracker<\/p>\n","protected":false},"excerpt":{"rendered":"<p>Zur Kirchengemeinde St. Markus geh\u00f6ren die heutige Pfarrkirche St. Markus in Hedelfingen und die Kirche St. Paulus in Rohracker. Alle Gottesdienste und Veranstaltungen der Kirchengemeinde St. Markus finden, wenn nicht anders angegeben, ausschlie\u00dflich in St. Markus in Hedelfingen statt: Kirche &hellip; <a href=\"https:\/\/www.sankturban.de\/?page_id=1653\">Weiterlesen <span class=\"meta-nav\">&rarr;<\/span><\/a><\/p>\n","protected":false},"author":2,"featured_media":0,"parent":200,"menu_order":2,"comment_status":"closed","ping_status":"closed","template":"Hero.php","meta":{"footnotes":""},"class_list":["post-1653","page","type-page","status-publish","hentry"],"_links":{"self":[{"href":"https:\/\/www.sankturban.de\/index.php?rest_route=\/wp\/v2\/pages\/1653","targetHints":{"allow":["GET"]}}],"collection":[{"href":"https:\/\/www.sankturban.de\/index.php?rest_route=\/wp\/v2\/pages"}],"about":[{"href":"https:\/\/www.sankturban.de\/index.php?rest_route=\/wp\/v2\/types\/page"}],"author":[{"embeddable":true,"href":"https:\/\/www.sankturban.de\/index.php?rest_route=\/wp\/v2\/users\/2"}],"replies":[{"embeddable":true,"href":"https:\/\/www.sankturban.de\/index.php?rest_route=%2Fwp%2Fv2%2Fcomments&post=1653"}],"version-history":[{"count":12,"href":"https:\/\/www.sankturban.de\/index.php?rest_route=\/wp\/v2\/pages\/1653\/revisions"}],"predecessor-version":[{"id":10273,"href":"https:\/\/www.sankturban.de\/index.php?rest_route=\/wp\/v2\/pages\/1653\/revisions\/10273"}],"up":[{"embeddable":true,"href":"https:\/\/www.sankturban.de\/index.php?rest_route=\/wp\/v2\/pages\/200"}],"wp:attachment":[{"href":"https:\/\/www.sankturban.de\/index.php?rest_route=%2Fwp%2Fv2%2Fmedia&parent=1653"}],"curies":[{"name":"wp","href":"https:\/\/api.w.org\/{rel}","templated":true}]}}