{"id":161,"date":"2011-06-28T06:06:37","date_gmt":"2011-06-28T05:06:37","guid":{"rendered":"http:\/\/blog.eldiag.de\/?page_id=161"},"modified":"2022-11-03T21:50:28","modified_gmt":"2022-11-03T20:50:28","slug":"impressum","status":"publish","type":"page","link":"https:\/\/www.sankturban.de\/?page_id=161","title":{"rendered":"Impressum"},"content":{"rendered":"<p><strong>Impressum<\/strong><\/p>\n<p>Die nachstehenden Informationen enthalten die gesetzlich vorgesehenen Pflichtangaben zur Anbieterkennzeichnung, Informationen zum Datenschutz und zur Privatsph\u00e4re, sowie richtige rechtliche Hinweise zur Internetpr\u00e4senz der Gesamtkirchengemeinde St. Urban Stuttgart<\/p>\n<p>Anbieter<\/p>\n<p>Anbieter dieser Internetpr\u00e4senz ist im Rechtssinne die Gesamtkirchengemeinde St. Urban Stuttgart:<\/p>\n<p>Gesamtkirchengemeinde St. Urban Stuttgart<br \/>\nPfarrer Andreas G\u00e4lle<br \/>\nWarthstr. 22<br \/>\n70327 Stuttgart<br \/>\nDeutschland<\/p>\n<p>Telefon +49 (0)711 33 52 23<br \/>\nTelefax +49(0)711 304 17 77<\/p>\n<p>E-Mail: <a href=\"mailto:Info@SanktUrban.de\">info@sankturban.de<\/a><br \/>\nInternet: <a href=\"http:\/\/www.SanktUrban.de\">www.sankturban.de<\/a><\/p>\n<p>Redaktionsverantwortlicher<\/p>\n<p>Redaktionsverantwortlicher f\u00fcr die Internetpr\u00e4senz der Gesamtkirchengemeinde St. Urban Stuttgart:<\/p>\n<p>Pfarrer Andreas G\u00e4lle<br \/>\nLeitender Pfarrer der Gesamtkirchengemeinde St. Urban Stuttgart<br \/>\nWarthstr. 22<br \/>\n70327 Stuttgart<\/p>\n<p><strong>Datenschutzerkl\u00e4rung<\/strong>:<\/p>\n<p><a href=\"https:\/\/www.sankturban.de\/?page_id=12006\" target=\"_blank\" rel=\"noopener\">https:\/\/www.sankturban.de\/?page_id=12006<\/a><\/p>\n<h4><\/h4>\n","protected":false},"excerpt":{"rendered":"<p>Impressum Die nachstehenden Informationen enthalten die gesetzlich vorgesehenen Pflichtangaben zur Anbieterkennzeichnung, Informationen zum Datenschutz und zur Privatsph\u00e4re, sowie richtige rechtliche Hinweise zur Internetpr\u00e4senz der Gesamtkirchengemeinde St. Urban Stuttgart Anbieter Anbieter dieser Internetpr\u00e4senz ist im Rechtssinne die Gesamtkirchengemeinde St. Urban Stuttgart: &hellip; <a href=\"https:\/\/www.sankturban.de\/?page_id=161\">Weiterlesen <span class=\"meta-nav\">&rarr;<\/span><\/a><\/p>\n","protected":false},"author":1,"featured_media":0,"parent":0,"menu_order":0,"comment_status":"closed","ping_status":"open","template":"","meta":{"footnotes":""},"class_list":["post-161","page","type-page","status-publish","hentry"],"_links":{"self":[{"href":"https:\/\/www.sankturban.de\/index.php?rest_route=\/wp\/v2\/pages\/161","targetHints":{"allow":["GET"]}}],"collection":[{"href":"https:\/\/www.sankturban.de\/index.php?rest_route=\/wp\/v2\/pages"}],"about":[{"href":"https:\/\/www.sankturban.de\/index.php?rest_route=\/wp\/v2\/types\/page"}],"author":[{"embeddable":true,"href":"https:\/\/www.sankturban.de\/index.php?rest_route=\/wp\/v2\/users\/1"}],"replies":[{"embeddable":true,"href":"https:\/\/www.sankturban.de\/index.php?rest_route=%2Fwp%2Fv2%2Fcomments&post=161"}],"version-history":[{"count":18,"href":"https:\/\/www.sankturban.de\/index.php?rest_route=\/wp\/v2\/pages\/161\/revisions"}],"predecessor-version":[{"id":12009,"href":"https:\/\/www.sankturban.de\/index.php?rest_route=\/wp\/v2\/pages\/161\/revisions\/12009"}],"wp:attachment":[{"href":"https:\/\/www.sankturban.de\/index.php?rest_route=%2Fwp%2Fv2%2Fmedia&parent=161"}],"curies":[{"name":"wp","href":"https:\/\/api.w.org\/{rel}","templated":true}]}}