{"id":1477,"date":"2012-12-16T22:06:59","date_gmt":"2012-12-16T21:06:59","guid":{"rendered":"http:\/\/www.sankturban.de\/?page_id=1477"},"modified":"2022-11-15T22:09:28","modified_gmt":"2022-11-15T21:09:28","slug":"sternsinger-st-johannes","status":"publish","type":"page","link":"https:\/\/www.sankturban.de\/?page_id=1477","title":{"rendered":"Sternsinger St. Johannes"},"content":{"rendered":"\n<div class=\"lyte-wrapper\" style=\"width:640px;max-width:100%;margin:5px;\"><div class=\"lyMe\" id=\"WYL_M8fodlFWpo0\"><div id=\"lyte_M8fodlFWpo0\" data-src=\"https:\/\/www.sankturban.de\/wp-content\/plugins\/wp-youtube-lyte\/lyteCache.php?origThumbUrl=%2F%2Fi.ytimg.com%2Fvi%2FM8fodlFWpo0%2Fhqdefault.jpg\" class=\"pL\"><div class=\"tC\"><div class=\"tT\"><\/div><\/div><div class=\"play\"><\/div><div class=\"ctrl\"><div class=\"Lctrl\"><\/div><div class=\"Rctrl\"><\/div><\/div><\/div><noscript><a href=\"https:\/\/youtu.be\/M8fodlFWpo0\" rel=\"nofollow\"><img loading=\"lazy\" decoding=\"async\" src=\"https:\/\/www.sankturban.de\/wp-content\/plugins\/wp-youtube-lyte\/lyteCache.php?origThumbUrl=https%3A%2F%2Fi.ytimg.com%2Fvi%2FM8fodlFWpo0%2F0.jpg\" alt=\"YouTube-Video-Vorschaubild\" width=\"640\" height=\"340\" \/><br \/>Dieses Video auf YouTube ansehen<\/a><\/noscript><\/div><\/div><div class=\"lL\" style=\"max-width:100%;width:640px;margin:5px;\"><br\/><span class=\"lyte_disclaimer\">Bei Klick auf das Video werden Daten an Youtube \/ Google gesendet<\/span><\/div>\n\n\n\n<p>Auch im Januar 2022 k\u00f6nnen die Sternsinger leider nicht von Haus zu Haus unterwegs sein.<br \/>Wir bitten Sie trotzdem herzlich um Ihre Spende f\u00fcr die gr\u00f6\u00dfte Kinderhilfsaktion weltweit.<\/p>\n\n\n\n<p>Wir freuen uns \u00fcber Ihre Spende auf das Konto der Gesamtkirchengemeinde St. Urban, die wir dann an die Sternsingeraktion weiterleiten.<\/p>\n\n\n\n<p>Bankverbindung:<br \/>Landesbank Baden-W\u00fcrttemberg, IBAN DE48 6005 0101 0008 1316 72<br \/>Verwendungszweck: \u201eSternsinger 2022\u201c<\/p>\n\n\n\n<ul class=\"wp-block-list\">\n<li><a href=\"https:\/\/www.sankturban.de\/?p=10953\">Aktuelle Infos zur Sternsingeraktion 2022 in der Kirchengemeinde<\/a><\/li>\n\n\n\n<li><a href=\"https:\/\/www.sternsinger.de\/sternsingen\/sammelergebnis-2021\/\">Spendenergebnis der Sternsingeraktion 2021<\/a><\/li>\n<\/ul>\n\n\n\n<p>**********************************************************************<\/p>\n\n\n\n<p>Kinder und Jugendliche, die sich f\u00fcr diese gute Sache engagieren m\u00f6chten, k\u00f6nnen sich bei&nbsp; Frau Rubenbauer oder im Pfarrb\u00fcro melden &#8211; auch gerne nur f\u00fcr einen oder zwei Tage.<\/p>\n\n\n\n<p>Erwachsene, die die Gruppen begleiten m\u00f6chten, sind ebenso herzlich willkommen.<\/p>\n\n\n\n<p>Wenn Sie einen Besuch der Sternsinger w\u00fcnschen, tragen Sie sich bitte in die im Advent in der Kirche aufliegende Liste ein.<\/p>\n\n\n\n<p>Informationen zum Vorbereitungstreffen gibt es jeweils in der Dezember\/Januar-Ausgabe unseres Gemeindemagazins.<\/p>\n","protected":false},"excerpt":{"rendered":"<p>Auch im Januar 2022 k\u00f6nnen die Sternsinger leider nicht von Haus zu Haus unterwegs sein.Wir bitten Sie trotzdem herzlich um Ihre Spende f\u00fcr die gr\u00f6\u00dfte Kinderhilfsaktion weltweit. Wir freuen uns \u00fcber Ihre Spende auf das Konto der Gesamtkirchengemeinde St. Urban, &hellip; <a href=\"https:\/\/www.sankturban.de\/?page_id=1477\">Weiterlesen <span class=\"meta-nav\">&rarr;<\/span><\/a><\/p>\n","protected":false},"author":1,"featured_media":0,"parent":330,"menu_order":0,"comment_status":"closed","ping_status":"closed","template":"","meta":{"footnotes":""},"class_list":["post-1477","page","type-page","status-publish","hentry"],"_links":{"self":[{"href":"https:\/\/www.sankturban.de\/index.php?rest_route=\/wp\/v2\/pages\/1477","targetHints":{"allow":["GET"]}}],"collection":[{"href":"https:\/\/www.sankturban.de\/index.php?rest_route=\/wp\/v2\/pages"}],"about":[{"href":"https:\/\/www.sankturban.de\/index.php?rest_route=\/wp\/v2\/types\/page"}],"author":[{"embeddable":true,"href":"https:\/\/www.sankturban.de\/index.php?rest_route=\/wp\/v2\/users\/1"}],"replies":[{"embeddable":true,"href":"https:\/\/www.sankturban.de\/index.php?rest_route=%2Fwp%2Fv2%2Fcomments&post=1477"}],"version-history":[{"count":18,"href":"https:\/\/www.sankturban.de\/index.php?rest_route=\/wp\/v2\/pages\/1477\/revisions"}],"predecessor-version":[{"id":12065,"href":"https:\/\/www.sankturban.de\/index.php?rest_route=\/wp\/v2\/pages\/1477\/revisions\/12065"}],"up":[{"embeddable":true,"href":"https:\/\/www.sankturban.de\/index.php?rest_route=\/wp\/v2\/pages\/330"}],"wp:attachment":[{"href":"https:\/\/www.sankturban.de\/index.php?rest_route=%2Fwp%2Fv2%2Fmedia&parent=1477"}],"curies":[{"name":"wp","href":"https:\/\/api.w.org\/{rel}","templated":true}]}}