{"id":13710,"date":"2024-01-06T10:22:21","date_gmt":"2024-01-06T09:22:21","guid":{"rendered":"https:\/\/www.sankturban.de\/?page_id=13710"},"modified":"2024-01-23T19:02:15","modified_gmt":"2024-01-23T18:02:15","slug":"chorconnection","status":"publish","type":"page","link":"https:\/\/www.sankturban.de\/?page_id=13710","title":{"rendered":"ChorConnection"},"content":{"rendered":"\n<p>Die ChorConnection ist der junge gemeinsame Chor der katholischen und evangelischen Kirchengemeinden in Obert\u00fcrkheim und Uhlbach und des CVJM Obert\u00fcrkheim.<\/p>\n\n\n\n<p>Das Repertoire ist meist von Gospel, Rock und Pop gepr\u00e4gt, aber auch klassische St\u00fccke kommen zur Auff\u00fchrung.<\/p>\n\n\n\n<p>Der Chor wird geleitet von Leonhard Hell und probt mittwochs von 19.45 Uhr &#8211; 21.15 Uhr im Stadtteil- und Familienzentrum Heidelbeere in der Heidelbeerstr. 5 (au\u00dfer in den Schulferien).<\/p>\n\n\n\n<p>weitere Infos auf <a href=\"http:\/\/Chorconnection.de\" data-type=\"link\" data-id=\"Chorconnection.de\">chorconnection.de<\/a><\/p>\n\n\n\n<figure class=\"wp-block-image size-full\"><img loading=\"lazy\" decoding=\"async\" width=\"807\" height=\"605\" src=\"https:\/\/www.sankturban.de\/wp-content\/uploads\/2024\/01\/ChorConnection-2023.jpg\" alt=\"\" class=\"wp-image-13763\" srcset=\"https:\/\/www.sankturban.de\/wp-content\/uploads\/2024\/01\/ChorConnection-2023.jpg 807w, https:\/\/www.sankturban.de\/wp-content\/uploads\/2024\/01\/ChorConnection-2023-300x225.jpg 300w, https:\/\/www.sankturban.de\/wp-content\/uploads\/2024\/01\/ChorConnection-2023-768x576.jpg 768w\" sizes=\"auto, (max-width: 807px) 100vw, 807px\" \/><\/figure>\n","protected":false},"excerpt":{"rendered":"<p>Die ChorConnection ist der junge gemeinsame Chor der katholischen und evangelischen Kirchengemeinden in Obert\u00fcrkheim und Uhlbach und des CVJM Obert\u00fcrkheim. Das Repertoire ist meist von Gospel, Rock und Pop gepr\u00e4gt, aber auch klassische St\u00fccke kommen zur Auff\u00fchrung. Der Chor wird &hellip; <a href=\"https:\/\/www.sankturban.de\/?page_id=13710\">Weiterlesen <span class=\"meta-nav\">&rarr;<\/span><\/a><\/p>\n","protected":false},"author":2,"featured_media":0,"parent":326,"menu_order":0,"comment_status":"closed","ping_status":"closed","template":"","meta":{"footnotes":""},"class_list":["post-13710","page","type-page","status-publish","hentry"],"_links":{"self":[{"href":"https:\/\/www.sankturban.de\/index.php?rest_route=\/wp\/v2\/pages\/13710","targetHints":{"allow":["GET"]}}],"collection":[{"href":"https:\/\/www.sankturban.de\/index.php?rest_route=\/wp\/v2\/pages"}],"about":[{"href":"https:\/\/www.sankturban.de\/index.php?rest_route=\/wp\/v2\/types\/page"}],"author":[{"embeddable":true,"href":"https:\/\/www.sankturban.de\/index.php?rest_route=\/wp\/v2\/users\/2"}],"replies":[{"embeddable":true,"href":"https:\/\/www.sankturban.de\/index.php?rest_route=%2Fwp%2Fv2%2Fcomments&post=13710"}],"version-history":[{"count":3,"href":"https:\/\/www.sankturban.de\/index.php?rest_route=\/wp\/v2\/pages\/13710\/revisions"}],"predecessor-version":[{"id":13765,"href":"https:\/\/www.sankturban.de\/index.php?rest_route=\/wp\/v2\/pages\/13710\/revisions\/13765"}],"up":[{"embeddable":true,"href":"https:\/\/www.sankturban.de\/index.php?rest_route=\/wp\/v2\/pages\/326"}],"wp:attachment":[{"href":"https:\/\/www.sankturban.de\/index.php?rest_route=%2Fwp%2Fv2%2Fmedia&parent=13710"}],"curies":[{"name":"wp","href":"https:\/\/api.w.org\/{rel}","templated":true}]}}